{"id":2008009,"date":"2024-12-18T12:27:36","date_gmt":"2024-12-18T12:27:36","guid":{"rendered":"https:\/\/www.dralexisgranite.com\/?page_id=2008009"},"modified":"2025-10-23T12:20:47","modified_gmt":"2025-10-23T11:20:47","slug":"medico","status":"publish","type":"page","link":"https:\/\/www.dralexisgranite.com\/it\/medical\/","title":{"rendered":"Medico"},"content":{"rendered":"<div id=\"treatments\"  data-column-margin=\"none\" data-midnight=\"dark\"  class=\"wpb_row vc_row-fluid vc_row full-width-content vc_row-o-equal-height vc_row-flex vc_row-o-content-top cover-back\"  style=\"padding-top: 0px; padding-bottom: 0px; \"><div class=\"row-bg-wrap\" data-bg-animation=\"none\" data-bg-animation-delay=\"\" data-bg-overlay=\"false\"><div class=\"inner-wrap row-bg-layer using-image\" ><div class=\"row-bg viewport-desktop using-image using-bg-color has-phone\"  style=\"background-image: url(https:\/\/www.dralexisgranite.com\/wp-content\/uploads\/2023\/12\/DAG-Press-brg-1.svg); background-position: center top; background-repeat: no-repeat; background-color: #e0e7ff; \"><\/div><div class=\"row-bg viewport-phone using-image using-bg-color\"  style=\"background-image: url(https:\/\/www.dralexisgranite.com\/wp-content\/uploads\/2023\/12\/DAG-Press-brg-1-mobile.svg); background-position: center top; background-repeat: no-repeat; background-color: #e0e7ff; \"><\/div><\/div><\/div><div class=\"row_col_wrap_12 col span_12 dark left\">\n\t<div  class=\"vc_col-sm-12 wpb_column column_container vc_column_container col no-extra-padding inherit_tablet inherit_phone\"  data-padding-pos=\"all\" data-has-bg-color=\"false\" data-bg-color=\"\" data-bg-opacity=\"1\" data-animation=\"\" data-delay=\"0\" >\n\t\t<div class=\"vc_column-inner\" >\n\t\t\t<div class=\"wpb_wrapper\">\n\t\t\t\t<div id=\"fws_6a022ee189372\" data-midnight=\"\" data-column-margin=\"default\" class=\"wpb_row vc_row-fluid vc_row inner_row treatment-buttons\"  style=\"\"><div class=\"row-bg-wrap\"> <div class=\"row-bg\" ><\/div> <\/div><div class=\"row_col_wrap_12_inner col span_12  left\">\n\t<div  class=\"vc_col-sm-12 wpb_column column_container vc_column_container col child_column no-extra-padding inherit_tablet inherit_phone\"   data-padding-pos=\"all\" data-has-bg-color=\"false\" data-bg-color=\"\" data-bg-opacity=\"1\" data-animation=\"\" data-delay=\"0\" >\n\t\t<div class=\"vc_column-inner\" >\n\t\t<div class=\"wpb_wrapper\">\n\t\t\t\n<div class=\"wpb_text_column wpb_content_element\" >\n\t<div class=\"wpb_wrapper\">\n\t\t<div class=\"treatment-switch\">\n<p>Seleziona il tuo problema<\/p>\n<p><a class=\"round-button active-btn\" href=\"https:\/\/www.dralexisgranite.com\/it\/medico\/\">MEDICO<\/a><a class=\"round-button\" href=\"https:\/\/www.dralexisgranite.com\/it\/estetica\/\">ESTETICO<\/a><\/p>\n<\/div>\n\t<\/div>\n<\/div>\n\n\n\n\n\t\t<\/div> \n\t<\/div>\n\t<\/div> \n<\/div><\/div><div id=\"fws_6a022ee189670\" data-midnight=\"\" data-column-margin=\"default\" class=\"wpb_row vc_row-fluid vc_row inner_row\"  style=\"\"><div class=\"row-bg-wrap\"> <div class=\"row-bg\" ><\/div> <\/div><div class=\"row_col_wrap_12_inner col span_12  left\">\n\t<div  class=\"vc_col-sm-6 offset-padding wpb_column column_container vc_column_container col child_column no-extra-padding inherit_tablet inherit_phone\"   data-padding-pos=\"all\" data-has-bg-color=\"false\" data-bg-color=\"\" data-bg-opacity=\"1\" data-animation=\"\" data-delay=\"0\" >\n\t\t<div class=\"vc_column-inner\" >\n\t\t<div class=\"wpb_wrapper\">\n\t\t\t\n<div class=\"wpb_text_column wpb_content_element\" >\n\t<div class=\"wpb_wrapper\">\n\t\t<h2>Medico<\/h2>\n\t<\/div>\n<\/div>\n\n\n\n\n<div class=\"wpb_text_column wpb_content_element\" >\n\t<div class=\"wpb_wrapper\">\n\t\t<h4 style=\"font-weight: 500 !important;\">CONSULTAZIONE MEDICA<\/h4>\n<p>Un consulto dettagliato prima di iniziare il trattamento \u00e8 un primo passo importante per tutti i pazienti di dermatologia medica. Questo permette alla dottoressa Alexis di comprendere le vostre preoccupazioni e di valutare la vostra carnagione. In seguito svilupper\u00e0 un piano di trattamento su misura per aiutarvi a raggiungere i vostri obiettivi cutanei. Le consultazioni successive consentono di verificare i progressi compiuti e di ottimizzare ulteriormente il regime terapeutico.<\/p>\n<p>Consultazione medica iniziale: \u00a3300<br \/>\nConsultazione medica di follow-up: \u00a3250<\/p>\n<p>Consultazione medica iniziale a distanza: \u00a3300<br \/>\nConsultazione medica a distanza: \u00a3250<\/p>\n\t<\/div>\n<\/div>\n\n\n\n\n<div class=\"wpb_text_column wpb_content_element  vc_custom_1701708008054 button\" >\n\t<div class=\"wpb_wrapper\">\n\t\t<p><a class=\"round-button\" href=\"#book\">PRENOTA ORA<\/a><\/p>\n\t<\/div>\n<\/div>\n\n\n\n<div class=\"divider-wrap height_tablet_40px height_phone_30px\" data-alignment=\"default\"><div style=\"height: 60px;\" class=\"divider\"><\/div><\/div>\n<div class=\"wpb_text_column wpb_content_element\" >\n\t<div class=\"wpb_wrapper\">\n\t\t<h4 style=\"font-weight: 500 !important;\">Trattamenti medici<\/h4>\n\t<\/div>\n<\/div>\n\n\n\n\n<div class=\"wpb_text_column wpb_content_element\" >\n\t<div class=\"wpb_wrapper\">\n\t\t<p><strong><a href=\"https:\/\/www.dralexisgranite.com\/it\/trattamenti-medici\/crioterapia\/\">Crioterapia<\/a><\/strong> - La crioterapia pu\u00f2 essere utilizzata per trattare lesioni benigne e per rimuovere aree di pelle danneggiata dal sole. Per saperne di pi\u00f9 sulla crioterapia, sui tempi di recupero e sui prezzi <a href=\"https:\/\/www.dralexisgranite.com\/it\/trattamenti-medici\/crioterapia\/\">qui<\/a>.<\/p>\n<p><a href=\"https:\/\/www.dralexisgranite.com\/it\/trattamenti-medici\/mappatura-delle-talpe\/\"><strong>Mappatura delle talpe<\/strong><\/a> - La mappatura dei nei pu\u00f2 aiutare a identificare i cambiamenti di dimensione, forma e colore dei nei nel corso del tempo, il che \u00e8 essenziale per l'individuazione di vari tipi di cancro della pelle. Per saperne di pi\u00f9 sulla mappatura dei nei <a href=\"https:\/\/www.dralexisgranite.com\/it\/trattamenti-medici\/mappatura-delle-talpe\/\">qui.<\/a><\/p>\n<p><strong><a href=\"https:\/\/www.dralexisgranite.com\/it\/trattamenti-medici\/analisi-del-sangue\/\">Analisi del sangue<\/a><\/strong> - Spesso gli squilibri interni possono essere collegati a una serie di condizioni dermatologiche, per cui \u00e8 possibile che venga consigliato un esame del sangue nell'ambito del consulto. Per saperne di pi\u00f9 <a href=\"https:\/\/www.dralexisgranite.com\/it\/trattamenti-medici\/analisi-del-sangue\/\">qui<\/a>.<\/p>\n<p><strong><a href=\"https:\/\/www.dralexisgranite.com\/it\/trattamenti-medici\/test-allergici-con-cerotto\/\">Test allergici con patch<\/a> <\/strong>- Il patch test \u00e8 una procedura utilizzata per verificare se la dermatite \u00e8 causata o peggiorata da un'allergia a sostanze che sono state a contatto con la pelle. Capire il processo <a href=\"https:\/\/www.dralexisgranite.com\/it\/trattamenti-medici\/test-allergici-con-cerotto\/\">qui<\/a>.<\/p>\n<p><a href=\"https:\/\/www.dralexisgranite.com\/it\/trattamenti-medici\/biopsia-cutanea-escissione\/\"><strong>Biopsia ed escissione cutanea<\/strong><\/a> - La biopsia cutanea \u00e8 una procedura per prelevare cellule o campioni di pelle da esaminare in laboratorio. Ne esistono 5 tipi, con diversi gradi di profondit\u00e0. Per saperne di pi\u00f9 <a href=\"https:\/\/www.dralexisgranite.com\/it\/trattamenti-medici\/biopsia-cutanea-escissione\/\">qui<\/a>.<\/p>\n<p><a href=\"https:\/\/www.dralexisgranite.com\/it\/trattamenti-medici\/terapia-fotodinamica-convenzionale\/\"><strong>Terapia fotodinamica convenzionale<\/strong><\/a> - La terapia fotodinamica (PDT) \u00e8 un trattamento non invasivo per le lesioni cutanee. Per saperne di pi\u00f9 su PDT, tempi di recupero e prezzi <a href=\"https:\/\/www.dralexisgranite.com\/it\/trattamenti-medici\/terapia-fotodinamica-convenzionale\/\">qui<\/a>.<\/p>\n<p><strong><a href=\"https:\/\/www.dralexisgranite.com\/it\/trattamenti-medici\/terapia-fotodinamica-alla-luce-del-giorno\/\">Terapia fotodinamica alla luce del giorno<\/a><\/strong> - La terapia fotodinamica (PDT) alla luce del giorno \u00e8 un trattamento non invasivo per le lesioni cutanee precancerose. Per saperne di pi\u00f9 su questa forma di PDT <a href=\"https:\/\/www.dralexisgranite.com\/it\/trattamenti-medici\/terapia-fotodinamica-alla-luce-del-giorno\/\">qui<\/a>.<\/p>\n<p><a href=\"https:\/\/www.dralexisgranite.com\/it\/trattamenti-medici\/vitamin-injections\/\"><strong>Iniezioni di vitamine<\/strong><\/a> - La vitamina B12 \u00e8 una sostanza nutritiva che contribuisce a mantenere in salute il sangue e le cellule nervose dell'organismo. Per saperne di pi\u00f9 sui benefici delle iniezioni intramuscolari di B12 <a href=\"https:\/\/www.dralexisgranite.com\/it\/trattamenti-medici\/iniezione-intramuscolare-di-vitamina-b12\/\">qui<\/a>.<\/p>\n\t<\/div>\n<\/div>\n\n\n\n\n\t\t<\/div> \n\t<\/div>\n\t<\/div> \n\n\t<div  class=\"vc_col-sm-6 treatment-height-image wpb_column column_container vc_column_container col child_column no-extra-padding inherit_tablet inherit_phone\"   data-padding-pos=\"all\" data-has-bg-color=\"false\" data-bg-color=\"\" data-bg-opacity=\"1\" data-animation=\"\" data-delay=\"0\" >\n\t\t<div class=\"vc_column-inner\" >\n\t\t<div class=\"wpb_wrapper\">\n\t\t\t<div class=\"img-with-aniamtion-wrap\" data-max-width=\"100%\" data-max-width-mobile=\"default\" data-shadow=\"none\" data-animation=\"fade-in\" >\n      <div class=\"inner\">\n        <div class=\"hover-wrap\"> \n          <div class=\"hover-wrap-inner\">\n            <img loading=\"lazy\" decoding=\"async\" class=\"img-with-animation skip-lazy\" data-delay=\"0\" height=\"1920\" width=\"1551\" data-animation=\"fade-in\" src=\"https:\/\/www.dralexisgranite.com\/wp-content\/uploads\/2023\/10\/Dr.-Alexis-Granite_Pink_instrument-box.jpg\" alt=\"Scatola di roba\" srcset=\"https:\/\/www.dralexisgranite.com\/wp-content\/uploads\/2023\/10\/Dr.-Alexis-Granite_Pink_instrument-box.jpg 1551w, https:\/\/www.dralexisgranite.com\/wp-content\/uploads\/2023\/10\/Dr.-Alexis-Granite_Pink_instrument-box-242x300.jpg 242w, https:\/\/www.dralexisgranite.com\/wp-content\/uploads\/2023\/10\/Dr.-Alexis-Granite_Pink_instrument-box-827x1024.jpg 827w, https:\/\/www.dralexisgranite.com\/wp-content\/uploads\/2023\/10\/Dr.-Alexis-Granite_Pink_instrument-box-768x951.jpg 768w, https:\/\/www.dralexisgranite.com\/wp-content\/uploads\/2023\/10\/Dr.-Alexis-Granite_Pink_instrument-box-1241x1536.jpg 1241w\" sizes=\"auto, (max-width: 1551px) 100vw, 1551px\" \/>\n          <\/div>\n        <\/div>\n      <\/div>\n    <\/div>\n\t\t<\/div> \n\t<\/div>\n\t<\/div> \n<\/div><\/div>\n\t\t\t<\/div> \n\t\t<\/div>\n\t<\/div> \n<\/div><\/div>","protected":false},"excerpt":{"rendered":"Seleziona il tuo problema CONSULTO MEDICO ESTETICO Un consulto dettagliato prima di iniziare il trattamento \u00e8...","protected":false},"author":1,"featured_media":0,"parent":0,"menu_order":0,"comment_status":"closed","ping_status":"closed","template":"","meta":{"_acf_changed":false,"_relevanssi_hide_post":"","_relevanssi_pin_for_all":"","_relevanssi_pin_keywords":"","_relevanssi_unpin_keywords":"","_relevanssi_related_keywords":"","_relevanssi_related_include_ids":"","_relevanssi_related_exclude_ids":"","_relevanssi_related_no_append":"","_relevanssi_related_not_related":"","_relevanssi_related_posts":"","_relevanssi_noindex_reason":"","footnotes":"","_links_to":"","_links_to_target":""},"class_list":["post-2008009","page","type-page","status-publish"],"acf":[],"_links":{"self":[{"href":"https:\/\/www.dralexisgranite.com\/it\/wp-json\/wp\/v2\/pages\/2008009","targetHints":{"allow":["GET"]}}],"collection":[{"href":"https:\/\/www.dralexisgranite.com\/it\/wp-json\/wp\/v2\/pages"}],"about":[{"href":"https:\/\/www.dralexisgranite.com\/it\/wp-json\/wp\/v2\/types\/page"}],"author":[{"embeddable":true,"href":"https:\/\/www.dralexisgranite.com\/it\/wp-json\/wp\/v2\/users\/1"}],"replies":[{"embeddable":true,"href":"https:\/\/www.dralexisgranite.com\/it\/wp-json\/wp\/v2\/comments?post=2008009"}],"version-history":[{"count":0,"href":"https:\/\/www.dralexisgranite.com\/it\/wp-json\/wp\/v2\/pages\/2008009\/revisions"}],"wp:attachment":[{"href":"https:\/\/www.dralexisgranite.com\/it\/wp-json\/wp\/v2\/media?parent=2008009"}],"curies":[{"name":"wp","href":"https:\/\/api.w.org\/{rel}","templated":true}]}}