{"id":2008010,"date":"2024-12-18T12:28:35","date_gmt":"2024-12-18T12:28:35","guid":{"rendered":"https:\/\/www.dralexisgranite.com\/?page_id=2008010"},"modified":"2025-10-23T12:24:34","modified_gmt":"2025-10-23T11:24:34","slug":"esthetique","status":"publish","type":"page","link":"https:\/\/www.dralexisgranite.com\/fr\/aesthetic\/","title":{"rendered":"Esth\u00e9tique"},"content":{"rendered":"<div id=\"treatments\"  data-column-margin=\"none\" data-midnight=\"dark\"  class=\"wpb_row vc_row-fluid vc_row full-width-content vc_row-o-equal-height vc_row-flex vc_row-o-content-top cover-back\"  style=\"padding-top: 0px; padding-bottom: 0px; \"><div class=\"row-bg-wrap\" data-bg-animation=\"none\" data-bg-animation-delay=\"\" data-bg-overlay=\"false\"><div class=\"inner-wrap row-bg-layer using-image\" ><div class=\"row-bg viewport-desktop using-image using-bg-color has-phone\"  style=\"background-image: url(https:\/\/www.dralexisgranite.com\/wp-content\/uploads\/2023\/12\/DAG-Press-brg-1.svg); background-position: center top; background-repeat: no-repeat; background-color: #e0e7ff; \"><\/div><div class=\"row-bg viewport-phone using-image using-bg-color\"  style=\"background-image: url(https:\/\/www.dralexisgranite.com\/wp-content\/uploads\/2023\/12\/DAG-Press-brg-1-mobile.svg); background-position: center top; background-repeat: no-repeat; background-color: #e0e7ff; \"><\/div><\/div><\/div><div class=\"row_col_wrap_12 col span_12 dark left\">\n\t<div  class=\"vc_col-sm-12 wpb_column column_container vc_column_container col no-extra-padding inherit_tablet inherit_phone\"  data-padding-pos=\"all\" data-has-bg-color=\"false\" data-bg-color=\"\" data-bg-opacity=\"1\" data-animation=\"\" data-delay=\"0\" >\n\t\t<div class=\"vc_column-inner\" >\n\t\t\t<div class=\"wpb_wrapper\">\n\t\t\t\t<div id=\"fws_69d6398b2a934\" data-midnight=\"\" data-column-margin=\"default\" class=\"wpb_row vc_row-fluid vc_row inner_row treatment-buttons\"  style=\"\"><div class=\"row-bg-wrap\"> <div class=\"row-bg\" ><\/div> <\/div><div class=\"row_col_wrap_12_inner col span_12  left\">\n\t<div  class=\"vc_col-sm-12 wpb_column column_container vc_column_container col child_column no-extra-padding inherit_tablet inherit_phone\"   data-padding-pos=\"all\" data-has-bg-color=\"false\" data-bg-color=\"\" data-bg-opacity=\"1\" data-animation=\"\" data-delay=\"0\" >\n\t\t<div class=\"vc_column-inner\" >\n\t\t<div class=\"wpb_wrapper\">\n\t\t\t\n<div class=\"wpb_text_column wpb_content_element\" >\n\t<div class=\"wpb_wrapper\">\n\t\t<div class=\"treatment-switch\">\n<p>S\u00e9lectionnez votre pr\u00e9occupation<\/p>\n<p><a class=\"round-button\" href=\"https:\/\/www.dralexisgranite.com\/fr\/medical\/\">MEDICAL<\/a><a class=\"round-button active-btn\" href=\"https:\/\/www.dralexisgranite.com\/fr\/esthetique\/\">AESTHETIQUE<\/a><\/p>\n<\/div>\n\t<\/div>\n<\/div>\n\n\n\n\n\t\t<\/div> \n\t<\/div>\n\t<\/div> \n<\/div><\/div><div id=\"fws_69d6398b2acc3\" data-midnight=\"\" data-column-margin=\"default\" class=\"wpb_row vc_row-fluid vc_row inner_row\"  style=\"\"><div class=\"row-bg-wrap\"> <div class=\"row-bg\" ><\/div> <\/div><div class=\"row_col_wrap_12_inner col span_12  left\">\n\t<div  class=\"vc_col-sm-6 offset-padding wpb_column column_container vc_column_container col child_column no-extra-padding inherit_tablet inherit_phone\"   data-padding-pos=\"all\" data-has-bg-color=\"false\" data-bg-color=\"\" data-bg-opacity=\"1\" data-animation=\"\" data-delay=\"0\" >\n\t\t<div class=\"vc_column-inner\" >\n\t\t<div class=\"wpb_wrapper\">\n\t\t\t\n<div class=\"wpb_text_column wpb_content_element\" >\n\t<div class=\"wpb_wrapper\">\n\t\t<h2>Esth\u00e9tique<\/h2>\n\t<\/div>\n<\/div>\n\n\n\n\n<div class=\"wpb_text_column wpb_content_element\" >\n\t<div class=\"wpb_wrapper\">\n\t\t<h4 style=\"font-weight: 500 !important;\">CONSULTATION ESTH\u00c9TIQUE<\/h4>\n<p>Le voyage esth\u00e9tique commence toujours par une consultation approfondie. Cela permet au docteur Alexis de comprendre vos pr\u00e9occupations et les objectifs de traitement que vous souhaitez atteindre. Apr\u00e8s une \u00e9valuation approfondie, elle vous donnera une opinion honn\u00eate et \u00e9quilibr\u00e9e des options th\u00e9rapeutiques et des attentes r\u00e9alistes. \u00c0 partir de l\u00e0, le docteur Alexis travaillera avec vous pour cr\u00e9er un plan de traitement continu et personnalis\u00e9.<\/p>\n<p>Consultation esth\u00e9tique initiale : 300<\/p>\n\t<\/div>\n<\/div>\n\n\n\n\n<div class=\"wpb_text_column wpb_content_element  vc_custom_1701708037257 button\" >\n\t<div class=\"wpb_wrapper\">\n\t\t<p><a class=\"round-button\" href=\"#book\">R\u00c9SERVEZ MAINTENANT<\/a><\/p>\n\t<\/div>\n<\/div>\n\n\n\n\n\t\t<\/div> \n\t<\/div>\n\t<\/div> \n\n\t<div  class=\"vc_col-sm-6 treatment-height-image wpb_column column_container vc_column_container col child_column no-extra-padding inherit_tablet inherit_phone\"   data-padding-pos=\"all\" data-has-bg-color=\"false\" data-bg-color=\"\" data-bg-opacity=\"1\" data-animation=\"\" data-delay=\"0\" >\n\t\t<div class=\"vc_column-inner\" >\n\t\t<div class=\"wpb_wrapper\">\n\t\t\t<div class=\"img-with-aniamtion-wrap  custom-size\" data-max-width=\"100%\" data-max-width-mobile=\"default\" data-shadow=\"none\" data-animation=\"fade-in\" >\n      <div class=\"inner\">\n        <div class=\"hover-wrap\"> \n          <div class=\"hover-wrap-inner\">\n            <img loading=\"lazy\" decoding=\"async\" class=\"img-with-animation skip-lazy full-height-image\" data-delay=\"0\" height=\"800\" width=\"800\" data-animation=\"fade-in\" src=\"https:\/\/www.dralexisgranite.com\/wp-content\/uploads\/2023\/12\/dag-aesthetic-800x800-1.jpg\" alt=\"Dr Alexis Granite\" srcset=\"https:\/\/www.dralexisgranite.com\/wp-content\/uploads\/2023\/12\/dag-aesthetic-800x800-1.jpg 800w, https:\/\/www.dralexisgranite.com\/wp-content\/uploads\/2023\/12\/dag-aesthetic-800x800-1-300x300.jpg 300w, https:\/\/www.dralexisgranite.com\/wp-content\/uploads\/2023\/12\/dag-aesthetic-800x800-1-150x150.jpg 150w, https:\/\/www.dralexisgranite.com\/wp-content\/uploads\/2023\/12\/dag-aesthetic-800x800-1-768x768.jpg 768w, https:\/\/www.dralexisgranite.com\/wp-content\/uploads\/2023\/12\/dag-aesthetic-800x800-1-100x100.jpg 100w, https:\/\/www.dralexisgranite.com\/wp-content\/uploads\/2023\/12\/dag-aesthetic-800x800-1-140x140.jpg 140w, https:\/\/www.dralexisgranite.com\/wp-content\/uploads\/2023\/12\/dag-aesthetic-800x800-1-500x500.jpg 500w, https:\/\/www.dralexisgranite.com\/wp-content\/uploads\/2023\/12\/dag-aesthetic-800x800-1-350x350.jpg 350w, https:\/\/www.dralexisgranite.com\/wp-content\/uploads\/2023\/12\/dag-aesthetic-800x800-1-1000x1000.jpg 1000w\" sizes=\"auto, (max-width: 800px) 100vw, 800px\" \/>\n          <\/div>\n        <\/div>\n      <\/div>\n    <\/div>\n\t\t<\/div> \n\t<\/div>\n\t<\/div> \n<\/div><\/div><div id=\"fws_69d6398b2be51\" data-midnight=\"\" data-column-margin=\"default\" class=\"wpb_row vc_row-fluid vc_row inner_row split-offset-menu\"  style=\"\"><div class=\"row-bg-wrap\"> <div class=\"row-bg\" ><\/div> <\/div><div class=\"row_col_wrap_12_inner col span_12  left\">\n\t<div  class=\"vc_col-sm-6 offset-padding wpb_column column_container vc_column_container col child_column no-extra-padding inherit_tablet inherit_phone\"   data-padding-pos=\"all\" data-has-bg-color=\"false\" data-bg-color=\"\" data-bg-opacity=\"1\" data-animation=\"\" data-delay=\"0\" >\n\t\t<div class=\"vc_column-inner\" >\n\t\t<div class=\"wpb_wrapper\">\n\t\t\t\n<div class=\"wpb_text_column wpb_content_element\" >\n\t<div class=\"wpb_wrapper\">\n\t\t<h4 style=\"font-weight: 500 !important;\">TRAITEMENTS COMBIN\u00c9S<\/h4>\n<p><a href=\"https:\/\/www.dralexisgranite.com\/fr\/traitements-esthetiques\/yeux-brillants\/\">Yeux brillants<\/a><br \/>\n<a href=\"https:\/\/www.dralexisgranite.com\/fr\/traitements-esthetiques\/aquagold-with-profhilo\/\">Coup d'\u00e9clat<\/a><br \/>\n<a href=\"https:\/\/www.dralexisgranite.com\/fr\/traitements-esthetiques\/prp-with-profhilo\/\">R &amp; R (Restore and Refresh)<\/a><br \/>\n<a href=\"https:\/\/www.dralexisgranite.com\/fr\/traitements-esthetiques\/recharge-declat\/\">Recharge d'\u00e9clat<\/a><br \/>\n<a href=\"https:\/\/www.dralexisgranite.com\/fr\/traitements-esthetiques\/prp-with-aquagold\/\">Une peau parfaite<\/a><br \/>\n<a href=\"https:\/\/www.dralexisgranite.com\/fr\/traitements-esthetiques\/tonifier-resserrer\/\">Tonifier et raffermir<\/a><\/p>\n\t<\/div>\n<\/div>\n\n\n\n\n\t\t<\/div> \n\t<\/div>\n\t<\/div> \n\n\t<div  class=\"vc_col-sm-6 wpb_column column_container vc_column_container col child_column no-extra-padding inherit_tablet inherit_phone\"   data-padding-pos=\"all\" data-has-bg-color=\"false\" data-bg-color=\"\" data-bg-opacity=\"1\" data-animation=\"\" data-delay=\"0\" >\n\t\t<div class=\"vc_column-inner\" >\n\t\t<div class=\"wpb_wrapper\">\n\t\t\t\n<div class=\"wpb_text_column wpb_content_element\" >\n\t<div class=\"wpb_wrapper\">\n\t\t<h4><strong>INJECTABLES<\/strong><\/h4>\n<p><a href=\"https:\/\/www.dralexisgranite.com\/fr\/traitements-esthetiques\/polynucleotides-ameela\/\">Polynucl\u00e9otides d'Ameela<\/a><br \/>\n<a href=\"https:\/\/www.dralexisgranite.com\/fr\/traitements-esthetiques\/exosomes-ameela\/\">Ameela Exosomes<\/a><br \/>\n<a href=\"https:\/\/www.dralexisgranite.com\/fr\/traitements-esthetiques\/les-produits-de-comblement-a-base-dacide-hyaluronique\/\">Produits de comblement \u00e0 base d'acide hyaluronique<\/a><br \/>\n<a href=\"https:\/\/www.dralexisgranite.com\/fr\/traitements-esthetiques\/neurotoxine\/\">Neurotoxine<\/a><br \/>\n<a href=\"https:\/\/www.dralexisgranite.com\/fr\/traitements-esthetiques\/le-plus-recent\/\">Le plus r\u00e9cent<\/a><br \/>\n<a href=\"https:\/\/www.dralexisgranite.com\/fr\/traitements-esthetiques\/polynucleotides-plinest\/\">Polynucl\u00e9otides Plinest<\/a><br \/>\n<a href=\"https:\/\/www.dralexisgranite.com\/fr\/traitements-esthetiques\/corps-profhilo\/\">Profhilo Body<\/a><br \/>\n<a href=\"https:\/\/www.dralexisgranite.com\/fr\/traitements-esthetiques\/profhilo-skinvive-revive-skin-boosters\/\">Profhilo \/ Skinvive \/ Revive Skin Boosters<\/a><br \/>\n<a href=\"https:\/\/www.dralexisgranite.com\/fr\/traitements-esthetiques\/profhilo-structura\/\">Profhilo Structura<\/a><br \/>\n<a href=\"https:\/\/www.dralexisgranite.com\/fr\/traitements-esthetiques\/radiesse\/\">Radiesse<\/a><br \/>\n<a href=\"https:\/\/www.dralexisgranite.com\/fr\/traitements-esthetiques\/sculptra\/\">Sculptra<\/a><\/p>\n\t<\/div>\n<\/div>\n\n\n\n\n\t\t<\/div> \n\t<\/div>\n\t<\/div> \n<\/div><\/div><div id=\"fws_69d6398b2c380\" data-midnight=\"\" data-column-margin=\"default\" class=\"wpb_row vc_row-fluid vc_row inner_row split-offset-menu\"  style=\"\"><div class=\"row-bg-wrap\"> <div class=\"row-bg\" ><\/div> <\/div><div class=\"row_col_wrap_12_inner col span_12  left\">\n\t<div  class=\"vc_col-sm-6 offset-padding wpb_column column_container vc_column_container col child_column no-extra-padding inherit_tablet inherit_phone\"   data-padding-pos=\"all\" data-has-bg-color=\"false\" data-bg-color=\"\" data-bg-opacity=\"1\" data-animation=\"\" data-delay=\"0\" >\n\t\t<div class=\"vc_column-inner\" >\n\t\t<div class=\"wpb_wrapper\">\n\t\t\t\n<div class=\"wpb_text_column wpb_content_element\" >\n\t<div class=\"wpb_wrapper\">\n\t\t<h4 style=\"font-weight: 500 !important;\">Traitements au laser et \u00e0 base d'\u00e9nergie<\/h4>\n<p><a href=\"https:\/\/www.dralexisgranite.com\/fr\/traitements-esthetiques\/lumiere-a-large-bande\/\">Lumi\u00e8re \u00e0 large bande<\/a><br \/>\n<a href=\"https:\/\/www.dralexisgranite.com\/fr\/traitements-esthetiques\/laser-co2-fractionne\/\">Laser CO2 fractionn\u00e9<\/a><br \/>\n<a href=\"https:\/\/www.dralexisgranite.com\/fr\/traitements-esthetiques\/lumiere-intense-pulsee\/\">Lumi\u00e8re puls\u00e9e<\/a><br \/>\n<a href=\"https:\/\/www.dralexisgranite.com\/fr\/traitements-esthetiques\/ipixel\/\">iPixel<\/a><br \/>\n<a href=\"https:\/\/www.dralexisgranite.com\/fr\/traitements-esthetiques\/morpheus8\/\">Morpheus8<\/a><br \/>\n<a href=\"https:\/\/www.dralexisgranite.com\/fr\/traitements-esthetiques\/moxi\/\">MOXI\u2122<\/a><br \/>\n<a href=\"https:\/\/www.dralexisgranite.com\/fr\/traitements-esthetiques\/tixel\/\">Tixel<\/a><br \/>\n<a href=\"https:\/\/www.dralexisgranite.com\/fr\/traitements-esthetiques\/ultherapie\/\">Ultherapy<\/a><\/p>\n\t<\/div>\n<\/div>\n\n\n\n\n\t\t<\/div> \n\t<\/div>\n\t<\/div> \n\n\t<div  class=\"vc_col-sm-6 wpb_column column_container vc_column_container col child_column no-extra-padding inherit_tablet inherit_phone\"   data-padding-pos=\"all\" data-has-bg-color=\"false\" data-bg-color=\"\" data-bg-opacity=\"1\" data-animation=\"\" data-delay=\"0\" >\n\t\t<div class=\"vc_column-inner\" >\n\t\t<div class=\"wpb_wrapper\">\n\t\t\t\n<div class=\"wpb_text_column wpb_content_element\" >\n\t<div class=\"wpb_wrapper\">\n\t\t<h4 style=\"font-weight: 500 !important;\">TRAITEMENTS DE LA PEAU<\/h4>\n<p><a href=\"https:\/\/www.dralexisgranite.com\/fr\/traitements-esthetiques\/aquagold-fine-touch\/\">Aquagold\u00ae Fine Touch<\/a><br \/>\n<a href=\"https:\/\/www.dralexisgranite.com\/fr\/traitements-esthetiques\/peeling-chimique\/\">Peeling chimique<\/a><br \/>\n<a href=\"https:\/\/www.dralexisgranite.com\/fr\/traitements-esthetiques\/dermamelan-pour-la-depigmentation-avancee\/\">Dermamelan pour la d\u00e9pigmentation avanc\u00e9e<\/a><br \/>\n<a href=\"https:\/\/www.dralexisgranite.com\/fr\/traitements-esthetiques\/complexe-exoie-de-revitalisation-de-la-peau\/\">Complexe revitalisant pour la peau EXO|E<\/a><br \/>\n<a href=\"https:\/\/www.dralexisgranite.com\/fr\/traitements-esthetiques\/yeux-clairs-ultra\/\">Light Eyes Ultra<\/a><br \/>\n<a href=\"https:\/\/www.dralexisgranite.com\/fr\/traitements-esthetiques\/microneedling\/\">Microneedling<\/a><br \/>\n<a href=\"\/fr\/traitements-esthetiques\/prp-plasma-riche-en-plaquettes\/\">PRP : Plasma riche en plaquettes<\/a><br \/>\n<a href=\"https:\/\/www.dralexisgranite.com\/fr\/traitements-esthetiques\/txa-pour-le-melasma\/\">TXA pour le m\u00e9lasma<\/a><\/p>\n\t<\/div>\n<\/div>\n\n\n\n\n\t\t<\/div> \n\t<\/div>\n\t<\/div> \n<\/div><\/div>\n\t\t\t<\/div> \n\t\t<\/div>\n\t<\/div> \n<\/div><\/div>","protected":false},"excerpt":{"rendered":"S\u00e9lectionnez votre sujet MEDICALAESTHETIQUE CONSULTATION ESTH\u00c9TIQUE Le voyage esth\u00e9tique commence toujours par une...","protected":false},"author":1,"featured_media":0,"parent":0,"menu_order":0,"comment_status":"closed","ping_status":"closed","template":"","meta":{"_acf_changed":false,"_relevanssi_hide_post":"","_relevanssi_pin_for_all":"","_relevanssi_pin_keywords":"","_relevanssi_unpin_keywords":"","_relevanssi_related_keywords":"","_relevanssi_related_include_ids":"","_relevanssi_related_exclude_ids":"","_relevanssi_related_no_append":"","_relevanssi_related_not_related":"","_relevanssi_related_posts":"","_relevanssi_noindex_reason":"","footnotes":"","_links_to":"","_links_to_target":""},"class_list":["post-2008010","page","type-page","status-publish"],"acf":[],"_links":{"self":[{"href":"https:\/\/www.dralexisgranite.com\/fr\/wp-json\/wp\/v2\/pages\/2008010","targetHints":{"allow":["GET"]}}],"collection":[{"href":"https:\/\/www.dralexisgranite.com\/fr\/wp-json\/wp\/v2\/pages"}],"about":[{"href":"https:\/\/www.dralexisgranite.com\/fr\/wp-json\/wp\/v2\/types\/page"}],"author":[{"embeddable":true,"href":"https:\/\/www.dralexisgranite.com\/fr\/wp-json\/wp\/v2\/users\/1"}],"replies":[{"embeddable":true,"href":"https:\/\/www.dralexisgranite.com\/fr\/wp-json\/wp\/v2\/comments?post=2008010"}],"version-history":[{"count":0,"href":"https:\/\/www.dralexisgranite.com\/fr\/wp-json\/wp\/v2\/pages\/2008010\/revisions"}],"wp:attachment":[{"href":"https:\/\/www.dralexisgranite.com\/fr\/wp-json\/wp\/v2\/media?parent=2008010"}],"curies":[{"name":"wp","href":"https:\/\/api.w.org\/{rel}","templated":true}]}}