{"id":2008009,"date":"2024-12-18T12:27:36","date_gmt":"2024-12-18T12:27:36","guid":{"rendered":"https:\/\/www.dralexisgranite.com\/?page_id=2008009"},"modified":"2025-10-23T12:20:47","modified_gmt":"2025-10-23T11:20:47","slug":"medical","status":"publish","type":"page","link":"https:\/\/www.dralexisgranite.com\/fr\/medical\/","title":{"rendered":"M\u00e9dical"},"content":{"rendered":"<div id=\"treatments\"  data-column-margin=\"none\" data-midnight=\"dark\"  class=\"wpb_row vc_row-fluid vc_row full-width-content vc_row-o-equal-height vc_row-flex vc_row-o-content-top cover-back\"  style=\"padding-top: 0px; padding-bottom: 0px; \"><div class=\"row-bg-wrap\" data-bg-animation=\"none\" data-bg-animation-delay=\"\" data-bg-overlay=\"false\"><div class=\"inner-wrap row-bg-layer using-image\" ><div class=\"row-bg viewport-desktop using-image using-bg-color has-phone\"  style=\"background-image: url(https:\/\/www.dralexisgranite.com\/wp-content\/uploads\/2023\/12\/DAG-Press-brg-1.svg); background-position: center top; background-repeat: no-repeat; background-color: #e0e7ff; \"><\/div><div class=\"row-bg viewport-phone using-image using-bg-color\"  style=\"background-image: url(https:\/\/www.dralexisgranite.com\/wp-content\/uploads\/2023\/12\/DAG-Press-brg-1-mobile.svg); background-position: center top; background-repeat: no-repeat; background-color: #e0e7ff; \"><\/div><\/div><\/div><div class=\"row_col_wrap_12 col span_12 dark left\">\n\t<div  class=\"vc_col-sm-12 wpb_column column_container vc_column_container col no-extra-padding inherit_tablet inherit_phone\"  data-padding-pos=\"all\" data-has-bg-color=\"false\" data-bg-color=\"\" data-bg-opacity=\"1\" data-animation=\"\" data-delay=\"0\" >\n\t\t<div class=\"vc_column-inner\" >\n\t\t\t<div class=\"wpb_wrapper\">\n\t\t\t\t<div id=\"fws_69e4ff12ce12a\" data-midnight=\"\" data-column-margin=\"default\" class=\"wpb_row vc_row-fluid vc_row inner_row treatment-buttons\"  style=\"\"><div class=\"row-bg-wrap\"> <div class=\"row-bg\" ><\/div> <\/div><div class=\"row_col_wrap_12_inner col span_12  left\">\n\t<div  class=\"vc_col-sm-12 wpb_column column_container vc_column_container col child_column no-extra-padding inherit_tablet inherit_phone\"   data-padding-pos=\"all\" data-has-bg-color=\"false\" data-bg-color=\"\" data-bg-opacity=\"1\" data-animation=\"\" data-delay=\"0\" >\n\t\t<div class=\"vc_column-inner\" >\n\t\t<div class=\"wpb_wrapper\">\n\t\t\t\n<div class=\"wpb_text_column wpb_content_element\" >\n\t<div class=\"wpb_wrapper\">\n\t\t<div class=\"treatment-switch\">\n<p>S\u00e9lectionnez votre pr\u00e9occupation<\/p>\n<p><a class=\"round-button active-btn\" href=\"https:\/\/www.dralexisgranite.com\/fr\/medical\/\">MEDICAL<\/a><a class=\"round-button\" href=\"https:\/\/www.dralexisgranite.com\/fr\/esthetique\/\">AESTHETIQUE<\/a><\/p>\n<\/div>\n\t<\/div>\n<\/div>\n\n\n\n\n\t\t<\/div> \n\t<\/div>\n\t<\/div> \n<\/div><\/div><div id=\"fws_69e4ff12ce48f\" data-midnight=\"\" data-column-margin=\"default\" class=\"wpb_row vc_row-fluid vc_row inner_row\"  style=\"\"><div class=\"row-bg-wrap\"> <div class=\"row-bg\" ><\/div> <\/div><div class=\"row_col_wrap_12_inner col span_12  left\">\n\t<div  class=\"vc_col-sm-6 offset-padding wpb_column column_container vc_column_container col child_column no-extra-padding inherit_tablet inherit_phone\"   data-padding-pos=\"all\" data-has-bg-color=\"false\" data-bg-color=\"\" data-bg-opacity=\"1\" data-animation=\"\" data-delay=\"0\" >\n\t\t<div class=\"vc_column-inner\" >\n\t\t<div class=\"wpb_wrapper\">\n\t\t\t\n<div class=\"wpb_text_column wpb_content_element\" >\n\t<div class=\"wpb_wrapper\">\n\t\t<h2>M\u00e9dical<\/h2>\n\t<\/div>\n<\/div>\n\n\n\n\n<div class=\"wpb_text_column wpb_content_element\" >\n\t<div class=\"wpb_wrapper\">\n\t\t<h4 style=\"font-weight: 500 !important;\">CONSULTATION M\u00c9DICALE<\/h4>\n<p>Une consultation d\u00e9taill\u00e9e avant le d\u00e9but du traitement est une premi\u00e8re \u00e9tape importante pour tous les patients en dermatologie m\u00e9dicale. Elle permet au Dr Alexis de comprendre vos pr\u00e9occupations et d'\u00e9valuer votre teint. Elle \u00e9laborera ensuite un plan de traitement sur mesure pour vous aider \u00e0 atteindre vos objectifs en mati\u00e8re de peau. Les consultations de suivi permettent d'\u00e9valuer vos progr\u00e8s et d'optimiser votre r\u00e9gime th\u00e9rapeutique.<\/p>\n<p>Consultation m\u00e9dicale initiale : 300<br \/>\nConsultation m\u00e9dicale de suivi : 250<\/p>\n<p>Consultation m\u00e9dicale initiale \u00e0 distance : 300<br \/>\nConsultation m\u00e9dicale de suivi \u00e0 distance : 250<\/p>\n\t<\/div>\n<\/div>\n\n\n\n\n<div class=\"wpb_text_column wpb_content_element  vc_custom_1701708008054 button\" >\n\t<div class=\"wpb_wrapper\">\n\t\t<p><a class=\"round-button\" href=\"#book\">R\u00c9SERVEZ MAINTENANT<\/a><\/p>\n\t<\/div>\n<\/div>\n\n\n\n<div class=\"divider-wrap height_tablet_40px height_phone_30px\" data-alignment=\"default\"><div style=\"height: 60px;\" class=\"divider\"><\/div><\/div>\n<div class=\"wpb_text_column wpb_content_element\" >\n\t<div class=\"wpb_wrapper\">\n\t\t<h4 style=\"font-weight: 500 !important;\">Traitements m\u00e9dicaux<\/h4>\n\t<\/div>\n<\/div>\n\n\n\n\n<div class=\"wpb_text_column wpb_content_element\" >\n\t<div class=\"wpb_wrapper\">\n\t\t<p><strong><a href=\"https:\/\/www.dralexisgranite.com\/fr\/les-traitements-medicaux\/cryotherapie\/\">Cryoth\u00e9rapie<\/a><\/strong> - La cryoth\u00e9rapie peut \u00eatre utilis\u00e9e pour traiter des l\u00e9sions b\u00e9nignes et peut \u00e9galement \u00eatre utilis\u00e9e pour enlever des zones de peau endommag\u00e9es par le soleil. En savoir plus sur la cryoth\u00e9rapie, le temps de r\u00e9cup\u00e9ration et les prix <a href=\"https:\/\/www.dralexisgranite.com\/fr\/les-traitements-medicaux\/cryotherapie\/\">ici<\/a>.<\/p>\n<p><a href=\"https:\/\/www.dralexisgranite.com\/fr\/les-traitements-medicaux\/cartographie-des-taupes\/\"><strong>Cartographie des taupes<\/strong><\/a> - La cartographie des grains de beaut\u00e9 permet d'identifier les changements de taille, de forme et de couleur des grains de beaut\u00e9 au fil du temps, ce qui est essentiel pour la d\u00e9tection de divers cancers de la peau. En savoir plus sur la cartographie des grains de beaut\u00e9 <a href=\"https:\/\/www.dralexisgranite.com\/fr\/les-traitements-medicaux\/cartographie-des-taupes\/\">ici.<\/a><\/p>\n<p><strong><a href=\"https:\/\/www.dralexisgranite.com\/fr\/les-traitements-medicaux\/analyse-de-sang\/\">Tests sanguins<\/a><\/strong> - Souvent, des d\u00e9s\u00e9quilibres internes peuvent \u00eatre li\u00e9s \u00e0 diverses affections dermatologiques. C'est pourquoi une analyse de sang peut \u00eatre recommand\u00e9e dans le cadre de votre consultation. En savoir plus <a href=\"https:\/\/www.dralexisgranite.com\/fr\/les-traitements-medicaux\/analyse-de-sang\/\">ici<\/a>.<\/p>\n<p><strong><a href=\"https:\/\/www.dralexisgranite.com\/fr\/les-traitements-medicaux\/test-dallergie-par-patch\/\">Test d'allergie par patch<\/a> <\/strong>- Le test \u00e9picutan\u00e9 est une proc\u00e9dure utilis\u00e9e pour d\u00e9terminer si la dermatite est caus\u00e9e ou aggrav\u00e9e par une allergie \u00e0 des substances qui ont \u00e9t\u00e9 en contact avec la peau. Comprendre le processus <a href=\"https:\/\/www.dralexisgranite.com\/fr\/les-traitements-medicaux\/test-dallergie-par-patch\/\">ici<\/a>.<\/p>\n<p><a href=\"https:\/\/www.dralexisgranite.com\/fr\/les-traitements-medicaux\/biopsie-de-la-peau-excision\/\"><strong>Biopsie et excision de la peau<\/strong><\/a> - Une biopsie cutan\u00e9e est une proc\u00e9dure qui consiste \u00e0 pr\u00e9lever des cellules ou des \u00e9chantillons de peau pour les examiner en laboratoire. Il existe 5 types de biopsies, plus ou moins profondes. En savoir plus <a href=\"https:\/\/www.dralexisgranite.com\/fr\/les-traitements-medicaux\/biopsie-de-la-peau-excision\/\">ici<\/a>.<\/p>\n<p><a href=\"https:\/\/www.dralexisgranite.com\/fr\/les-traitements-medicaux\/therapie-photodynamique-conventionnelle\/\"><strong>Th\u00e9rapie photodynamique conventionnelle<\/strong><\/a> - La th\u00e9rapie photodynamique (PDT) est un traitement non invasif des l\u00e9sions cutan\u00e9es. En savoir plus sur la PDT, le temps de r\u00e9cup\u00e9ration et les prix <a href=\"https:\/\/www.dralexisgranite.com\/fr\/les-traitements-medicaux\/therapie-photodynamique-conventionnelle\/\">ici<\/a>.<\/p>\n<p><strong><a href=\"https:\/\/www.dralexisgranite.com\/fr\/les-traitements-medicaux\/therapie-photodynamique-a-la-lumiere-du-jour\/\">Th\u00e9rapie photodynamique \u00e0 la lumi\u00e8re du jour<\/a><\/strong> - La th\u00e9rapie photodynamique (PDT) \u00e0 la lumi\u00e8re du jour est un traitement non invasif des l\u00e9sions cutan\u00e9es pr\u00e9canc\u00e9reuses. En savoir plus sur cette forme de PDT <a href=\"https:\/\/www.dralexisgranite.com\/fr\/les-traitements-medicaux\/therapie-photodynamique-a-la-lumiere-du-jour\/\">ici<\/a>.<\/p>\n<p><a href=\"https:\/\/www.dralexisgranite.com\/fr\/les-traitements-medicaux\/vitamin-injections\/\"><strong>Injections de vitamines<\/strong><\/a> - La vitamine B12 est un nutriment qui contribue \u00e0 la sant\u00e9 des cellules sanguines et nerveuses de l'organisme. En savoir plus sur les avantages des injections intramusculaires de vitamine B12 <a href=\"https:\/\/www.dralexisgranite.com\/fr\/les-traitements-medicaux\/injection-intramusculaire-de-vitamine-b12\/\">ici<\/a>.<\/p>\n\t<\/div>\n<\/div>\n\n\n\n\n\t\t<\/div> \n\t<\/div>\n\t<\/div> \n\n\t<div  class=\"vc_col-sm-6 treatment-height-image wpb_column column_container vc_column_container col child_column no-extra-padding inherit_tablet inherit_phone\"   data-padding-pos=\"all\" data-has-bg-color=\"false\" data-bg-color=\"\" data-bg-opacity=\"1\" data-animation=\"\" data-delay=\"0\" >\n\t\t<div class=\"vc_column-inner\" >\n\t\t<div class=\"wpb_wrapper\">\n\t\t\t<div class=\"img-with-aniamtion-wrap\" data-max-width=\"100%\" data-max-width-mobile=\"default\" data-shadow=\"none\" data-animation=\"fade-in\" >\n      <div class=\"inner\">\n        <div class=\"hover-wrap\"> \n          <div class=\"hover-wrap-inner\">\n            <img loading=\"lazy\" decoding=\"async\" class=\"img-with-animation skip-lazy\" data-delay=\"0\" height=\"1920\" width=\"1551\" data-animation=\"fade-in\" src=\"https:\/\/www.dralexisgranite.com\/wp-content\/uploads\/2023\/10\/Dr.-Alexis-Granite_Pink_instrument-box.jpg\" alt=\"Bo\u00eete d&#039;affaires\" srcset=\"https:\/\/www.dralexisgranite.com\/wp-content\/uploads\/2023\/10\/Dr.-Alexis-Granite_Pink_instrument-box.jpg 1551w, https:\/\/www.dralexisgranite.com\/wp-content\/uploads\/2023\/10\/Dr.-Alexis-Granite_Pink_instrument-box-242x300.jpg 242w, https:\/\/www.dralexisgranite.com\/wp-content\/uploads\/2023\/10\/Dr.-Alexis-Granite_Pink_instrument-box-827x1024.jpg 827w, https:\/\/www.dralexisgranite.com\/wp-content\/uploads\/2023\/10\/Dr.-Alexis-Granite_Pink_instrument-box-768x951.jpg 768w, https:\/\/www.dralexisgranite.com\/wp-content\/uploads\/2023\/10\/Dr.-Alexis-Granite_Pink_instrument-box-1241x1536.jpg 1241w\" sizes=\"auto, (max-width: 1551px) 100vw, 1551px\" \/>\n          <\/div>\n        <\/div>\n      <\/div>\n    <\/div>\n\t\t<\/div> \n\t<\/div>\n\t<\/div> \n<\/div><\/div>\n\t\t\t<\/div> \n\t\t<\/div>\n\t<\/div> \n<\/div><\/div>","protected":false},"excerpt":{"rendered":"S\u00e9lectionnez votre sujet MEDICALAESTHETIC Medical CONSULTATION MEDICALE Une consultation d\u00e9taill\u00e9e avant le d\u00e9but du traitement est...","protected":false},"author":1,"featured_media":0,"parent":0,"menu_order":0,"comment_status":"closed","ping_status":"closed","template":"","meta":{"_acf_changed":false,"_relevanssi_hide_post":"","_relevanssi_pin_for_all":"","_relevanssi_pin_keywords":"","_relevanssi_unpin_keywords":"","_relevanssi_related_keywords":"","_relevanssi_related_include_ids":"","_relevanssi_related_exclude_ids":"","_relevanssi_related_no_append":"","_relevanssi_related_not_related":"","_relevanssi_related_posts":"","_relevanssi_noindex_reason":"","footnotes":"","_links_to":"","_links_to_target":""},"class_list":["post-2008009","page","type-page","status-publish"],"acf":[],"_links":{"self":[{"href":"https:\/\/www.dralexisgranite.com\/fr\/wp-json\/wp\/v2\/pages\/2008009","targetHints":{"allow":["GET"]}}],"collection":[{"href":"https:\/\/www.dralexisgranite.com\/fr\/wp-json\/wp\/v2\/pages"}],"about":[{"href":"https:\/\/www.dralexisgranite.com\/fr\/wp-json\/wp\/v2\/types\/page"}],"author":[{"embeddable":true,"href":"https:\/\/www.dralexisgranite.com\/fr\/wp-json\/wp\/v2\/users\/1"}],"replies":[{"embeddable":true,"href":"https:\/\/www.dralexisgranite.com\/fr\/wp-json\/wp\/v2\/comments?post=2008009"}],"version-history":[{"count":0,"href":"https:\/\/www.dralexisgranite.com\/fr\/wp-json\/wp\/v2\/pages\/2008009\/revisions"}],"wp:attachment":[{"href":"https:\/\/www.dralexisgranite.com\/fr\/wp-json\/wp\/v2\/media?parent=2008009"}],"curies":[{"name":"wp","href":"https:\/\/api.w.org\/{rel}","templated":true}]}}