{"id":271,"date":"2021-02-11T16:34:38","date_gmt":"2021-02-11T16:34:38","guid":{"rendered":"https:\/\/www.dralexisgranite.com\/?page_id=271"},"modified":"2024-12-17T10:50:37","modified_gmt":"2024-12-17T10:50:37","slug":"kontakt","status":"publish","type":"page","link":"https:\/\/www.dralexisgranite.com\/de\/contact\/","title":{"rendered":"Kontakt"},"content":{"rendered":"<div id=\"about-hero\"  data-column-margin=\"none\" data-midnight=\"dark\"  class=\"wpb_row vc_row-fluid vc_row full-width-content vc_row-o-equal-height vc_row-flex vc_row-o-content-top contact-hero-new top_padding_tablet_0px bottom_padding_tablet_10pct\"  style=\"padding-top: 0px; padding-bottom: 0px; \"><div class=\"row-bg-wrap\" data-bg-animation=\"none\" data-bg-animation-delay=\"\" data-bg-overlay=\"false\"><div class=\"inner-wrap row-bg-layer\" ><div class=\"row-bg viewport-desktop\"  style=\"\"><\/div><\/div><\/div><div class=\"row_col_wrap_12 col span_12 dark left\">\n\t<div  class=\"vc_col-sm-12 wpb_column column_container vc_column_container col no-extra-padding inherit_tablet inherit_phone\"  data-padding-pos=\"all\" data-has-bg-color=\"false\" data-bg-color=\"\" data-bg-opacity=\"1\" data-animation=\"\" data-delay=\"0\" >\n\t\t<div class=\"vc_column-inner\" >\n\t\t\t<div class=\"wpb_wrapper\">\n\t\t\t\t<div id=\"fws_6a07b95a77ddd\" data-midnight=\"\" data-column-margin=\"default\" class=\"wpb_row vc_row-fluid vc_row inner_row vc_row-o-equal-height vc_row-flex vc_row-o-content-bottom\"  style=\"\"><div class=\"row-bg-wrap\"> <div class=\"row-bg\" ><\/div> <\/div><div class=\"row_col_wrap_12_inner col span_12  left\">\n\t<div  class=\"vc_col-sm-6 about-text-holder wpb_column column_container vc_column_container col child_column no-extra-padding inherit_tablet inherit_phone\"   data-padding-pos=\"all\" data-has-bg-color=\"false\" data-bg-color=\"\" data-bg-opacity=\"1\" data-animation=\"\" data-delay=\"0\" >\n\t\t<div class=\"vc_column-inner\" >\n\t\t<div class=\"wpb_wrapper\">\n\t\t\t\n<div class=\"wpb_text_column wpb_content_element  wpb_animate_when_almost_visible wpb_fadeInUp fadeInUp vc_custom_1734432636024\" >\n\t<div class=\"wpb_wrapper\">\n\t\t<h1 class=\"h2\" style=\"text-align: left;\">Dr. Alexis ist sehr stolz darauf, sich um seine Patienten zu k\u00fcmmern und die Behandlungen so zu gestalten, dass sie die besten Ergebnisse f\u00fcr ihre individuellen Bed\u00fcrfnisse und Umst\u00e4nde liefern. Lassen Sie Ihre Reise zu mehr Selbstvertrauen in der Haut beginnen.<\/h1>\n\t<\/div>\n<\/div>\n\n\n\n<a class=\"nectar-button medium regular accent-color  regular-button round-button-dark\"  style=\"\"  href=\"#book\" data-color-override=\"false\" data-hover-color-override=\"false\" data-hover-text-color-override=\"#fff\"><span>Buchen Sie einen Termin<\/span><\/a>\n\t\t<\/div> \n\t<\/div>\n\t<\/div> \n\n\t<div  class=\"vc_col-sm-6 wpb_column column_container vc_column_container col child_column no-extra-padding inherit_tablet inherit_phone\"   data-padding-pos=\"all\" data-has-bg-color=\"false\" data-bg-color=\"\" data-bg-opacity=\"1\" data-animation=\"\" data-delay=\"0\" >\n\t\t<div class=\"vc_column-inner\" >\n\t\t<div class=\"wpb_wrapper\">\n\t\t\t<div class=\"img-with-aniamtion-wrap\" data-max-width=\"100%\" data-max-width-mobile=\"default\" data-shadow=\"none\" data-animation=\"none\" >\n      <div class=\"inner\">\n        <div class=\"hover-wrap\"> \n          <div class=\"hover-wrap-inner\">\n            <img loading=\"lazy\" decoding=\"async\" class=\"img-with-animation skip-lazy\" data-delay=\"0\" height=\"807\" width=\"800\" data-animation=\"none\" src=\"https:\/\/www.dralexisgranite.com\/wp-content\/uploads\/2023\/11\/220121_ALEXIS_GRANITE_with-AG_v2-6.png\" alt=\"\" srcset=\"https:\/\/www.dralexisgranite.com\/wp-content\/uploads\/2023\/11\/220121_ALEXIS_GRANITE_with-AG_v2-6.png 800w, https:\/\/www.dralexisgranite.com\/wp-content\/uploads\/2023\/11\/220121_ALEXIS_GRANITE_with-AG_v2-6-297x300.png 297w, https:\/\/www.dralexisgranite.com\/wp-content\/uploads\/2023\/11\/220121_ALEXIS_GRANITE_with-AG_v2-6-150x150.png 150w, https:\/\/www.dralexisgranite.com\/wp-content\/uploads\/2023\/11\/220121_ALEXIS_GRANITE_with-AG_v2-6-768x775.png 768w, https:\/\/www.dralexisgranite.com\/wp-content\/uploads\/2023\/11\/220121_ALEXIS_GRANITE_with-AG_v2-6-100x100.png 100w, https:\/\/www.dralexisgranite.com\/wp-content\/uploads\/2023\/11\/220121_ALEXIS_GRANITE_with-AG_v2-6-140x140.png 140w\" sizes=\"auto, (max-width: 800px) 100vw, 800px\">\n          <\/div>\n        <\/div>\n      <\/div>\n    <\/div>\n\t\t<\/div> \n\t<\/div>\n\t<\/div> \n<\/div><\/div>\n\t\t\t<\/div> \n\t\t<\/div>\n\t<\/div> \n<\/div><\/div>","protected":false},"excerpt":{"rendered":"Dr. Alexis ist sehr stolz darauf, sich um die Patienten zu k\u00fcmmern und die Behandlungen so zu gestalten, dass sie...","protected":false},"author":1,"featured_media":0,"parent":0,"menu_order":60,"comment_status":"closed","ping_status":"closed","template":"","meta":{"_acf_changed":false,"_relevanssi_hide_post":"","_relevanssi_pin_for_all":"","_relevanssi_pin_keywords":"","_relevanssi_unpin_keywords":"","_relevanssi_related_keywords":"","_relevanssi_related_include_ids":"","_relevanssi_related_exclude_ids":"","_relevanssi_related_no_append":"","_relevanssi_related_not_related":"","_relevanssi_related_posts":"","_relevanssi_noindex_reason":"","footnotes":"","_links_to":"","_links_to_target":""},"class_list":["post-271","page","type-page","status-publish"],"acf":[],"_links":{"self":[{"href":"https:\/\/www.dralexisgranite.com\/de\/wp-json\/wp\/v2\/pages\/271","targetHints":{"allow":["GET"]}}],"collection":[{"href":"https:\/\/www.dralexisgranite.com\/de\/wp-json\/wp\/v2\/pages"}],"about":[{"href":"https:\/\/www.dralexisgranite.com\/de\/wp-json\/wp\/v2\/types\/page"}],"author":[{"embeddable":true,"href":"https:\/\/www.dralexisgranite.com\/de\/wp-json\/wp\/v2\/users\/1"}],"replies":[{"embeddable":true,"href":"https:\/\/www.dralexisgranite.com\/de\/wp-json\/wp\/v2\/comments?post=271"}],"version-history":[{"count":0,"href":"https:\/\/www.dralexisgranite.com\/de\/wp-json\/wp\/v2\/pages\/271\/revisions"}],"wp:attachment":[{"href":"https:\/\/www.dralexisgranite.com\/de\/wp-json\/wp\/v2\/media?parent=271"}],"curies":[{"name":"wp","href":"https:\/\/api.w.org\/{rel}","templated":true}]}}