{"id":261,"date":"2021-02-11T16:23:31","date_gmt":"2021-02-11T16:23:31","guid":{"rendered":"https:\/\/www.dralexisgranite.com\/?page_id=261"},"modified":"2026-03-13T15:51:02","modified_gmt":"2026-03-13T15:51:02","slug":"uber","status":"publish","type":"page","link":"https:\/\/www.dralexisgranite.com\/de\/about\/","title":{"rendered":"\u00dcber"},"content":{"rendered":"<div id=\"about-hero\"  data-column-margin=\"none\" data-midnight=\"dark\"  class=\"wpb_row vc_row-fluid vc_row full-width-content vc_row-o-equal-height vc_row-flex vc_row-o-content-top  top_padding_tablet_0px bottom_padding_tablet_10pct\"  style=\"padding-top: 0px; padding-bottom: 0px; \"><div class=\"row-bg-wrap\" data-bg-animation=\"none\" data-bg-animation-delay=\"\" data-bg-overlay=\"false\"><div class=\"inner-wrap row-bg-layer using-image\" ><div class=\"row-bg viewport-desktop using-image using-bg-color has-phone\"  style=\"background-color: #ffd4f5; \"><\/div><div class=\"row-bg viewport-phone using-image using-bg-color\"  style=\"background-image: url(https:\/\/www.dralexisgranite.com\/wp-content\/uploads\/2023\/12\/DAG-Press-brg-1-mobile.svg); background-position: ; background-repeat: ; background-color: #ffd4f5; \"><\/div><\/div><\/div><div class=\"row_col_wrap_12 col span_12 dark left\">\n\t<div  class=\"vc_col-sm-6 about-text-holder wpb_column column_container vc_column_container col no-extra-padding inherit_tablet inherit_phone\"  data-padding-pos=\"all\" data-has-bg-color=\"false\" data-bg-color=\"\" data-bg-opacity=\"1\" data-animation=\"\" data-delay=\"0\" >\n\t\t<div class=\"vc_column-inner\" >\n\t\t\t<div class=\"wpb_wrapper\">\n\t\t\t\t\n<div class=\"wpb_text_column wpb_content_element  wpb_animate_when_almost_visible wpb_fadeInUp fadeInUp\" >\n\t<div class=\"wpb_wrapper\">\n\t\t<h1 class=\"h2\">Mit fast 20 Jahren klinischer Erfahrung sowohl in den Vereinigten Staaten als auch im Vereinigten K\u00f6nigreich ist Dr. Alexis Granite eine f\u00fchrende Expertin f\u00fcr Dermatologie und \u00c4sthetik.<\/h1>\n\t<\/div>\n<\/div>\n\n\n\n\n<div class=\"wpb_text_column wpb_content_element  wpb_animate_when_almost_visible wpb_fadeInUp fadeInUp\" >\n\t<div class=\"wpb_wrapper\">\n\t\t<p>Dr.\u00a0<span class=\"il\">Alexis<\/span>\u00a0Granite erwarb einen Bachelor of Arts an der\u00a0<a href=\"https:\/\/www.upenn.edu\/\" target=\"_blank\" rel=\"noopener\" data-saferedirecturl=\"https:\/\/www.google.com\/url?q=https:\/\/www.upenn.edu\/&amp;source=gmail&amp;ust=1739874502954000&amp;usg=AOvVaw1koRt1GUbeZq2n86r2-nFF\">Universit\u00e4t von Pennsylvania<\/a>und schloss mit magna cum laude ab. Sie erhielt ihren medizinischen Abschluss von\u00a0<a href=\"https:\/\/weill.cornell.edu\/\" target=\"_blank\" rel=\"noopener\" data-saferedirecturl=\"https:\/\/www.google.com\/url?q=https:\/\/weill.cornell.edu\/&amp;source=gmail&amp;ust=1739874502954000&amp;usg=AOvVaw1WyIGvolrVWWiDH4V_Grxc\">Weill Cornell Medical College<\/a>\u00a0in New York City, wo sie in die Ehrengesellschaft Alpha Omega Alpha gew\u00e4hlt wurde. Dr.\u00a0<span class=\"il\">Alexis<\/span>\u00a0absolvierte ihre dermatologische Ausbildung an der\u00a0<a href=\"https:\/\/www.nyp.org\/locations\/newyork-presbyterian-weill-cornell-medical-center\" target=\"_blank\" rel=\"noopener\" data-saferedirecturl=\"https:\/\/www.google.com\/url?q=https:\/\/www.nyp.org\/locations\/newyork-presbyterian-weill-cornell-medical-center&amp;source=gmail&amp;ust=1739874502954000&amp;usg=AOvVaw1lzabfX3R803XqDJLewz76\">New York Presbyterian Krankenhaus-Cornell<\/a>und war in ihrem letzten Jahr Chef\u00e4rztin. Au\u00dferdem erhielt sie den Distinguished Housestaff Award f\u00fcr hervorragende Leistungen auf ihrem Gebiet.<\/p>\n<p>Dr.\u00a0<span class=\"il\">Alexis<\/span>\u00a0verbrachte die ersten Jahre ihrer Karriere bei\u00a0<a href=\"https:\/\/www.triparkderm.com\/\" target=\"_blank\" rel=\"noopener\" data-saferedirecturl=\"https:\/\/www.google.com\/url?q=https:\/\/www.triparkderm.com\/&amp;source=gmail&amp;ust=1739874502954000&amp;usg=AOvVaw2zXzbYryDIOaN0K6KEbnKX\">Tribeca Park Dermatologie<\/a>\u00a0in New York City und war auch als klinische Ausbilderin f\u00fcr Dermatologie am New York Presbyterian Hospital-Cornell t\u00e4tig. Seit sie 2012 mit ihrer Familie in das Vereinigte K\u00f6nigreich gezogen ist, arbeitet Dr.\u00a0<span class=\"il\">Alexis<\/span>\u00a0hat in London in privater Praxis gearbeitet.<\/p>\n<p>Dr.\u00a0<span class=\"il\">Alexis<\/span>\u00a0ist Facharzt f\u00fcr Dermatologie im Vereinigten K\u00f6nigreich und verf\u00fcgt \u00fcber ein<span class=\"gmail_default\">&#8211;<\/span>in den Vereinigten Staaten f\u00fcr Dermatologie zertifiziert.\u00a0<span class=\"gmail_default\">Sie wurde in den Beirat des British Beauty Council gew\u00e4hlt und ist<\/span>\u00a0ein Mitglied der\u00a0<a href=\"https:\/\/www.bad.org.uk\/\" target=\"_blank\" rel=\"noopener\" data-saferedirecturl=\"https:\/\/www.google.com\/url?q=https:\/\/www.bad.org.uk\/&amp;source=gmail&amp;ust=1739874502954000&amp;usg=AOvVaw0Zpt7ua0Ol9BNZpHk6pY2L\">Britischer Verband der Dermatologen<\/a>\u00a0(BAD), die\u00a0<a href=\"https:\/\/www.britishcosmderm.com\/\" target=\"_blank\" rel=\"noopener\" data-saferedirecturl=\"https:\/\/www.google.com\/url?q=https:\/\/www.britishcosmderm.com\/&amp;source=gmail&amp;ust=1739874502954000&amp;usg=AOvVaw3Yn7aNP8Uf-V9Ay1_5o1tI\">Britische Gruppe f\u00fcr kosmetische Dermatologie<\/a>\u00a0(BCDG) und die\u00a0<a href=\"https:\/\/www.aad.org\/\" target=\"_blank\" rel=\"noopener\" data-saferedirecturl=\"https:\/\/www.google.com\/url?q=https:\/\/www.aad.org\/&amp;source=gmail&amp;ust=1739874502954000&amp;usg=AOvVaw0rFO-CdQS-8ueu4QrUdO0D\">Amerikanische Akademie f\u00fcr Dermatologie<\/a>\u00a0(AAD).<\/p>\n<p>Dr. Alexis wird regelm\u00e4\u00dfig in der Presse und im Rundfunk zitiert. Sie hat als beratende Dermatologin f\u00fcr Merz Aesthetics, Kiehl's und SkinCeuticals gearbeitet und ist derzeit Markenbotschafterin f\u00fcr CeraVe. Dr. Alexis ist die Gr\u00fcnderin von <a href=\"https:\/\/www.joonbyrd.com\/\" target=\"_blank\" rel=\"noopener\">Joonbyrd<\/a>, die erste von Dermatologen geleitete K\u00f6rperpflegemarke. Inspiriert von den tats\u00e4chlichen Hautproblemen ihrer Patienten, <a href=\"https:\/\/www.joonbyrd.com\/\" target=\"_blank\" rel=\"noopener\">Joonbyrd<\/a> kreiert t\u00e4gliche K\u00f6rperrituale, die sich auf die Hautpflegewissenschaft st\u00fctzen und f\u00fcr transformative Ergebnisse sorgen sollen.<\/p>\n\t<\/div>\n<\/div>\n\n\n\n<div class=\"divider-wrap\" data-alignment=\"default\"><div style=\"height: 30px;\" class=\"divider\"><\/div><\/div>\n<div class=\"wpb_text_column wpb_content_element\" >\n\t<div class=\"wpb_wrapper\">\n\t\t<p><a class=\"round-button-dark outline-button btn\" href=\"#book\">Buchen Sie einen Termin<\/a><\/p>\n\t<\/div>\n<\/div>\n\n\n\n\n\t\t\t<\/div> \n\t\t<\/div>\n\t<\/div> \n\n\t<div  class=\"vc_col-sm-6 wpb_column column_container vc_column_container col no-extra-padding inherit_tablet inherit_phone\"  data-padding-pos=\"all\" data-has-bg-color=\"false\" data-bg-color=\"\" data-bg-opacity=\"1\" data-animation=\"\" data-delay=\"0\" >\n\t\t<div class=\"vc_column-inner\" >\n\t\t\t<div class=\"wpb_wrapper\">\n\t\t\t\t<div class=\"img-with-aniamtion-wrap\" data-max-width=\"100%\" data-max-width-mobile=\"default\" data-shadow=\"none\" data-animation=\"none\" >\n      <div class=\"inner\">\n        <div class=\"hover-wrap\"> \n          <div class=\"hover-wrap-inner\">\n            <img loading=\"lazy\" decoding=\"async\" class=\"img-with-animation skip-lazy\" data-delay=\"0\" height=\"1349\" width=\"850\" data-animation=\"none\" src=\"https:\/\/www.dralexisgranite.com\/wp-content\/uploads\/2023\/12\/230203_EH_ALEXIS_GRANITE_2023_08_073-4-NEW-1.png\" alt=\"\" srcset=\"https:\/\/www.dralexisgranite.com\/wp-content\/uploads\/2023\/12\/230203_EH_ALEXIS_GRANITE_2023_08_073-4-NEW-1.png 850w, https:\/\/www.dralexisgranite.com\/wp-content\/uploads\/2023\/12\/230203_EH_ALEXIS_GRANITE_2023_08_073-4-NEW-1-189x300.png 189w, https:\/\/www.dralexisgranite.com\/wp-content\/uploads\/2023\/12\/230203_EH_ALEXIS_GRANITE_2023_08_073-4-NEW-1-645x1024.png 645w, https:\/\/www.dralexisgranite.com\/wp-content\/uploads\/2023\/12\/230203_EH_ALEXIS_GRANITE_2023_08_073-4-NEW-1-768x1219.png 768w\" sizes=\"auto, (max-width: 850px) 100vw, 850px\">\n          <\/div>\n        <\/div>\n      <\/div>\n    <\/div>\n\t\t\t<\/div> \n\t\t<\/div>\n\t<\/div> \n<\/div><\/div>\n\t\t<div id=\"ring-section\"  data-column-margin=\"default\" data-midnight=\"dark\"  class=\"wpb_row vc_row-fluid vc_row full-width-content vc_row-o-equal-height vc_row-flex vc_row-o-content-bottom cover-back ring-section bottom_padding_tablet_0px\"  style=\"padding-top: 0px; padding-bottom: 0px; \"><div class=\"row-bg-wrap\" data-bg-animation=\"none\" data-bg-animation-delay=\"\" data-bg-overlay=\"false\"><div class=\"inner-wrap row-bg-layer using-image\" ><div class=\"row-bg viewport-desktop using-image using-bg-color\"  style=\"background-image: url(https:\/\/www.dralexisgranite.com\/wp-content\/uploads\/2023\/11\/Dr.-Alexis-Granite_backgrounds_view-press-panel_background.svg); background-position: 0% 75%; background-repeat: no-repeat; background-color: #e7e0ff; \"><\/div><\/div><\/div><div class=\"row_col_wrap_12 col span_12 dark left\">\n\t<div style=\"\" class=\"vc_col-sm-6 overlap-image-top treatment-height-image wpb_column column_container vc_column_container col no-extra-padding top_margin_tablet_25px bottom_margin_tablet_25px right_margin_tablet_25px left_margin_tablet_25px inherit_tablet inherit_phone\" data-using-bg=\"true\" data-bg-cover=\"true\" data-padding-pos=\"all\" data-has-bg-color=\"true\" data-bg-color=\"rgba(0,0,0,0.01)\" data-bg-opacity=\"0.1\" data-hover-bg=\"rgba(0,0,0,0.01)\" data-hover-bg-opacity=\"0.1\" data-animation=\"\" data-delay=\"0\" >\n\t\t<div class=\"vc_column-inner\" ><div class=\"column-image-bg-wrap column-bg-layer viewport-desktop\" data-bg-pos=\"right center\" data-bg-animation=\"zoom-out\" data-bg-overlay=\"false\"><div class=\"inner-wrap\"><div class=\"column-image-bg\" style=\" background-image: url('https:\/\/www.dralexisgranite.com\/wp-content\/uploads\/2023\/12\/home-banner-image.jpg'); \"><\/div><\/div><\/div><div class=\"column-bg-overlay-wrap column-bg-layer\" data-bg-animation=\"zoom-out\"><div class=\"column-bg-overlay\" style=\"opacity: 0.1; background-color: rgba(0,0,0,0.01);\"><\/div><\/div>\n\t\t\t<div class=\"wpb_wrapper\">\n\t\t\t\t\n\t\t\t<\/div> \n\t\t<\/div>\n\t<\/div> \n\n\t<div  class=\"vc_col-sm-6 wpb_column column_container vc_column_container col no-extra-padding right_margin_phone_30px left_margin_phone_30px inherit_tablet inherit_phone\"  data-padding-pos=\"all\" data-has-bg-color=\"false\" data-bg-color=\"\" data-bg-opacity=\"1\" data-animation=\"\" data-delay=\"0\" >\n\t\t<div class=\"vc_column-inner\" >\n\t\t\t<div class=\"wpb_wrapper\">\n\t\t\t\t<div id=\"fws_69dcd479cbdd4\" data-midnight=\"\" data-column-margin=\"default\" class=\"wpb_row vc_row-fluid vc_row inner_row vc_row-o-content-middle right_padding_0px left_padding_15pct top_padding_tablet_5pct top_padding_phone_10pct bottom_padding_phone_10pct right_padding_phone_0px left_padding_tablet_0px left_padding_phone_0px\"  style=\"padding-bottom: 5%; \"><div class=\"row-bg-wrap\"> <div class=\"row-bg\" ><\/div> <\/div><div class=\"row_col_wrap_12_inner col span_12  left\">\n\t<div  class=\"vc_col-sm-12 wpb_column column_container vc_column_container col child_column no-extra-padding inherit_tablet inherit_phone\"   data-padding-pos=\"all\" data-has-bg-color=\"false\" data-bg-color=\"\" data-bg-opacity=\"1\" data-animation=\"\" data-delay=\"0\" >\n\t\t<div class=\"vc_column-inner\" >\n\t\t<div class=\"wpb_wrapper\">\n\t\t\t\n<div class=\"wpb_text_column wpb_content_element\" >\n\t<div class=\"wpb_wrapper\">\n\t\t<p>Da sie Artikel in mehreren Fachzeitschriften ver\u00f6ffentlicht und Buchkapitel zu dermatologischen Themen verfasst hat, wird Dr. Alexis in den Medien regelm\u00e4\u00dfig nach ihren Ansichten zur Hautpflege gefragt.<\/p>\n\t<\/div>\n<\/div>\n\n\n\n<div class=\"divider-wrap\" data-alignment=\"default\"><div style=\"height: 30px;\" class=\"divider\"><\/div><\/div>\n<div class=\"wpb_text_column wpb_content_element\" >\n\t<div class=\"wpb_wrapper\">\n\t\t<p><a class=\"small round-button-dark outline-button btn\" href=\"\/de\/presse\/\">Ansicht Presse<\/a><\/p>\n\t<\/div>\n<\/div>\n\n\n\n\n\t\t<\/div> \n\t<\/div>\n\t<\/div> \n<\/div><\/div><div id=\"about-circle-text-wrap\" data-midnight=\"\" data-column-margin=\"default\" class=\"wpb_row vc_row-fluid vc_row inner_row\"  style=\"\"><div class=\"row-bg-wrap\"> <div class=\"row-bg\" ><\/div> <\/div><div class=\"row_col_wrap_12_inner col span_12  left\">\n\t<div style=\"margin-top: -10px; \" class=\"vc_col-sm-12 wpb_column column_container vc_column_container col child_column neg-marg no-extra-padding inherit_tablet inherit_phone\"   data-padding-pos=\"all\" data-has-bg-color=\"false\" data-bg-color=\"\" data-bg-opacity=\"1\" data-animation=\"\" data-delay=\"0\" >\n\t\t<div class=\"vc_column-inner\" >\n\t\t<div class=\"wpb_wrapper\">\n\t\t\t<div class=\"img-with-aniamtion-wrap center\" data-max-width=\"100%\" data-max-width-mobile=\"default\" data-shadow=\"none\" data-animation=\"none\" >\n      <div class=\"inner\">\n        <div class=\"hover-wrap\"> \n          <div class=\"hover-wrap-inner\">\n            <img loading=\"lazy\" decoding=\"async\" class=\"img-with-animation skip-lazy about-circle-text\" data-delay=\"0\" height=\"1200\" width=\"1100\" data-animation=\"none\" src=\"https:\/\/www.dralexisgranite.com\/wp-content\/uploads\/2023\/10\/Dr.-Alexis-Granite_let-your-glow-last-longer-3.png\" alt=\"Lassen Sie Ihr Leuchten l\u00e4nger anhalten\" srcset=\"https:\/\/www.dralexisgranite.com\/wp-content\/uploads\/2023\/10\/Dr.-Alexis-Granite_let-your-glow-last-longer-3.png 1100w, https:\/\/www.dralexisgranite.com\/wp-content\/uploads\/2023\/10\/Dr.-Alexis-Granite_let-your-glow-last-longer-3-275x300.png 275w, https:\/\/www.dralexisgranite.com\/wp-content\/uploads\/2023\/10\/Dr.-Alexis-Granite_let-your-glow-last-longer-3-939x1024.png 939w, https:\/\/www.dralexisgranite.com\/wp-content\/uploads\/2023\/10\/Dr.-Alexis-Granite_let-your-glow-last-longer-3-768x838.png 768w\" sizes=\"auto, (max-width: 1100px) 100vw, 1100px\" \/>\n          <\/div>\n        <\/div>\n      <\/div>\n    <\/div>\n\t\t<\/div> \n\t<\/div>\n\t<\/div> \n<\/div><\/div><div class=\"divider-wrap\" data-alignment=\"default\"><div style=\"height: 30px;\" class=\"divider\"><\/div><\/div>\n\t\t\t<\/div> \n\t\t<\/div>\n\t<\/div> \n<\/div><\/div>","protected":false},"excerpt":{"rendered":"Mit fast 20 Jahren klinischer Erfahrung sowohl in den Vereinigten Staaten als auch in den...","protected":false},"author":1,"featured_media":0,"parent":0,"menu_order":20,"comment_status":"closed","ping_status":"closed","template":"","meta":{"_acf_changed":false,"_relevanssi_hide_post":"","_relevanssi_pin_for_all":"","_relevanssi_pin_keywords":"","_relevanssi_unpin_keywords":"","_relevanssi_related_keywords":"","_relevanssi_related_include_ids":"","_relevanssi_related_exclude_ids":"","_relevanssi_related_no_append":"","_relevanssi_related_not_related":"","_relevanssi_related_posts":"","_relevanssi_noindex_reason":"","footnotes":"","_links_to":"","_links_to_target":""},"class_list":["post-261","page","type-page","status-publish"],"acf":[],"_links":{"self":[{"href":"https:\/\/www.dralexisgranite.com\/de\/wp-json\/wp\/v2\/pages\/261","targetHints":{"allow":["GET"]}}],"collection":[{"href":"https:\/\/www.dralexisgranite.com\/de\/wp-json\/wp\/v2\/pages"}],"about":[{"href":"https:\/\/www.dralexisgranite.com\/de\/wp-json\/wp\/v2\/types\/page"}],"author":[{"embeddable":true,"href":"https:\/\/www.dralexisgranite.com\/de\/wp-json\/wp\/v2\/users\/1"}],"replies":[{"embeddable":true,"href":"https:\/\/www.dralexisgranite.com\/de\/wp-json\/wp\/v2\/comments?post=261"}],"version-history":[{"count":0,"href":"https:\/\/www.dralexisgranite.com\/de\/wp-json\/wp\/v2\/pages\/261\/revisions"}],"wp:attachment":[{"href":"https:\/\/www.dralexisgranite.com\/de\/wp-json\/wp\/v2\/media?parent=261"}],"curies":[{"name":"wp","href":"https:\/\/api.w.org\/{rel}","templated":true}]}}