{"id":2008010,"date":"2024-12-18T12:28:35","date_gmt":"2024-12-18T12:28:35","guid":{"rendered":"https:\/\/www.dralexisgranite.com\/?page_id=2008010"},"modified":"2025-10-23T12:24:34","modified_gmt":"2025-10-23T11:24:34","slug":"asthetik","status":"publish","type":"page","link":"https:\/\/www.dralexisgranite.com\/de\/aesthetic\/","title":{"rendered":"\u00c4sthetik"},"content":{"rendered":"<div id=\"treatments\"  data-column-margin=\"none\" data-midnight=\"dark\"  class=\"wpb_row vc_row-fluid vc_row full-width-content vc_row-o-equal-height vc_row-flex vc_row-o-content-top cover-back\"  style=\"padding-top: 0px; padding-bottom: 0px; \"><div class=\"row-bg-wrap\" data-bg-animation=\"none\" data-bg-animation-delay=\"\" data-bg-overlay=\"false\"><div class=\"inner-wrap row-bg-layer using-image\" ><div class=\"row-bg viewport-desktop using-image using-bg-color has-phone\"  style=\"background-image: url(https:\/\/www.dralexisgranite.com\/wp-content\/uploads\/2023\/12\/DAG-Press-brg-1.svg); background-position: center top; background-repeat: no-repeat; background-color: #e0e7ff; \"><\/div><div class=\"row-bg viewport-phone using-image using-bg-color\"  style=\"background-image: url(https:\/\/www.dralexisgranite.com\/wp-content\/uploads\/2023\/12\/DAG-Press-brg-1-mobile.svg); background-position: center top; background-repeat: no-repeat; background-color: #e0e7ff; \"><\/div><\/div><\/div><div class=\"row_col_wrap_12 col span_12 dark left\">\n\t<div  class=\"vc_col-sm-12 wpb_column column_container vc_column_container col no-extra-padding inherit_tablet inherit_phone\"  data-padding-pos=\"all\" data-has-bg-color=\"false\" data-bg-color=\"\" data-bg-opacity=\"1\" data-animation=\"\" data-delay=\"0\" >\n\t\t<div class=\"vc_column-inner\" >\n\t\t\t<div class=\"wpb_wrapper\">\n\t\t\t\t<div id=\"fws_69ed44a867a06\" data-midnight=\"\" data-column-margin=\"default\" class=\"wpb_row vc_row-fluid vc_row inner_row treatment-buttons\"  style=\"\"><div class=\"row-bg-wrap\"> <div class=\"row-bg\" ><\/div> <\/div><div class=\"row_col_wrap_12_inner col span_12  left\">\n\t<div  class=\"vc_col-sm-12 wpb_column column_container vc_column_container col child_column no-extra-padding inherit_tablet inherit_phone\"   data-padding-pos=\"all\" data-has-bg-color=\"false\" data-bg-color=\"\" data-bg-opacity=\"1\" data-animation=\"\" data-delay=\"0\" >\n\t\t<div class=\"vc_column-inner\" >\n\t\t<div class=\"wpb_wrapper\">\n\t\t\t\n<div class=\"wpb_text_column wpb_content_element\" >\n\t<div class=\"wpb_wrapper\">\n\t\t<div class=\"treatment-switch\">\n<p>W\u00e4hlen Sie Ihr Anliegen<\/p>\n<p><a class=\"round-button\" href=\"https:\/\/www.dralexisgranite.com\/de\/medizinisch\/\">MEDIZINISCH<\/a><a class=\"round-button active-btn\" href=\"https:\/\/www.dralexisgranite.com\/de\/asthetik\/\">\u00c4STHETIK<\/a><\/p>\n<\/div>\n\t<\/div>\n<\/div>\n\n\n\n\n\t\t<\/div> \n\t<\/div>\n\t<\/div> \n<\/div><\/div><div id=\"fws_69ed44a867d8c\" data-midnight=\"\" data-column-margin=\"default\" class=\"wpb_row vc_row-fluid vc_row inner_row\"  style=\"\"><div class=\"row-bg-wrap\"> <div class=\"row-bg\" ><\/div> <\/div><div class=\"row_col_wrap_12_inner col span_12  left\">\n\t<div  class=\"vc_col-sm-6 offset-padding wpb_column column_container vc_column_container col child_column no-extra-padding inherit_tablet inherit_phone\"   data-padding-pos=\"all\" data-has-bg-color=\"false\" data-bg-color=\"\" data-bg-opacity=\"1\" data-animation=\"\" data-delay=\"0\" >\n\t\t<div class=\"vc_column-inner\" >\n\t\t<div class=\"wpb_wrapper\">\n\t\t\t\n<div class=\"wpb_text_column wpb_content_element\" >\n\t<div class=\"wpb_wrapper\">\n\t\t<h2>\u00c4sthetik<\/h2>\n\t<\/div>\n<\/div>\n\n\n\n\n<div class=\"wpb_text_column wpb_content_element\" >\n\t<div class=\"wpb_wrapper\">\n\t\t<h4 style=\"font-weight: 500 !important;\">\u00c4STHETISCHE BERATUNG<\/h4>\n<p>Die \u00e4sthetische Reise beginnt immer mit einer gr\u00fcndlichen Beratung. Dies erm\u00f6glicht es Dr. Alexis, Ihre Anliegen und gew\u00fcnschten Behandlungsziele zu verstehen. Nach einer eingehenden Untersuchung wird sie Ihnen eine ehrliche und ausgewogene Meinung zu den Behandlungsm\u00f6glichkeiten und realistischen Erwartungen geben. Danach wird Dr. Alexis gemeinsam mit Ihnen einen fortlaufenden, individuellen Behandlungsplan erstellen.<\/p>\n<p>\u00c4sthetische Erstberatung: \u00a3300<\/p>\n\t<\/div>\n<\/div>\n\n\n\n\n<div class=\"wpb_text_column wpb_content_element  vc_custom_1701708037257 button\" >\n\t<div class=\"wpb_wrapper\">\n\t\t<p><a class=\"round-button\" href=\"#book\">JETZT BUCHEN<\/a><\/p>\n\t<\/div>\n<\/div>\n\n\n\n\n\t\t<\/div> \n\t<\/div>\n\t<\/div> \n\n\t<div  class=\"vc_col-sm-6 treatment-height-image wpb_column column_container vc_column_container col child_column no-extra-padding inherit_tablet inherit_phone\"   data-padding-pos=\"all\" data-has-bg-color=\"false\" data-bg-color=\"\" data-bg-opacity=\"1\" data-animation=\"\" data-delay=\"0\" >\n\t\t<div class=\"vc_column-inner\" >\n\t\t<div class=\"wpb_wrapper\">\n\t\t\t<div class=\"img-with-aniamtion-wrap  custom-size\" data-max-width=\"100%\" data-max-width-mobile=\"default\" data-shadow=\"none\" data-animation=\"fade-in\" >\n      <div class=\"inner\">\n        <div class=\"hover-wrap\"> \n          <div class=\"hover-wrap-inner\">\n            <img loading=\"lazy\" decoding=\"async\" class=\"img-with-animation skip-lazy full-height-image\" data-delay=\"0\" height=\"800\" width=\"800\" data-animation=\"fade-in\" src=\"https:\/\/www.dralexisgranite.com\/wp-content\/uploads\/2023\/12\/dag-aesthetic-800x800-1.jpg\" alt=\"Dr. Alexis Granit\" srcset=\"https:\/\/www.dralexisgranite.com\/wp-content\/uploads\/2023\/12\/dag-aesthetic-800x800-1.jpg 800w, https:\/\/www.dralexisgranite.com\/wp-content\/uploads\/2023\/12\/dag-aesthetic-800x800-1-300x300.jpg 300w, https:\/\/www.dralexisgranite.com\/wp-content\/uploads\/2023\/12\/dag-aesthetic-800x800-1-150x150.jpg 150w, https:\/\/www.dralexisgranite.com\/wp-content\/uploads\/2023\/12\/dag-aesthetic-800x800-1-768x768.jpg 768w, https:\/\/www.dralexisgranite.com\/wp-content\/uploads\/2023\/12\/dag-aesthetic-800x800-1-100x100.jpg 100w, https:\/\/www.dralexisgranite.com\/wp-content\/uploads\/2023\/12\/dag-aesthetic-800x800-1-140x140.jpg 140w, https:\/\/www.dralexisgranite.com\/wp-content\/uploads\/2023\/12\/dag-aesthetic-800x800-1-500x500.jpg 500w, https:\/\/www.dralexisgranite.com\/wp-content\/uploads\/2023\/12\/dag-aesthetic-800x800-1-350x350.jpg 350w, https:\/\/www.dralexisgranite.com\/wp-content\/uploads\/2023\/12\/dag-aesthetic-800x800-1-1000x1000.jpg 1000w\" sizes=\"auto, (max-width: 800px) 100vw, 800px\" \/>\n          <\/div>\n        <\/div>\n      <\/div>\n    <\/div>\n\t\t<\/div> \n\t<\/div>\n\t<\/div> \n<\/div><\/div><div id=\"fws_69ed44a8686c2\" data-midnight=\"\" data-column-margin=\"default\" class=\"wpb_row vc_row-fluid vc_row inner_row split-offset-menu\"  style=\"\"><div class=\"row-bg-wrap\"> <div class=\"row-bg\" ><\/div> <\/div><div class=\"row_col_wrap_12_inner col span_12  left\">\n\t<div  class=\"vc_col-sm-6 offset-padding wpb_column column_container vc_column_container col child_column no-extra-padding inherit_tablet inherit_phone\"   data-padding-pos=\"all\" data-has-bg-color=\"false\" data-bg-color=\"\" data-bg-opacity=\"1\" data-animation=\"\" data-delay=\"0\" >\n\t\t<div class=\"vc_column-inner\" >\n\t\t<div class=\"wpb_wrapper\">\n\t\t\t\n<div class=\"wpb_text_column wpb_content_element\" >\n\t<div class=\"wpb_wrapper\">\n\t\t<h4 style=\"font-weight: 500 !important;\">KOMBINATIONSBEHANDLUNGEN<\/h4>\n<p><a href=\"https:\/\/www.dralexisgranite.com\/de\/asthetische-behandlungen\/strahlende-augen\/\">Gl\u00e4nzende Augen<\/a><br \/>\n<a href=\"https:\/\/www.dralexisgranite.com\/de\/asthetische-behandlungen\/aquagold-with-profhilo\/\">Glow Boost<\/a><br \/>\n<a href=\"https:\/\/www.dralexisgranite.com\/de\/asthetische-behandlungen\/prp-with-profhilo\/\">R &amp; R (Wiederherstellen und Aktualisieren)<\/a><br \/>\n<a href=\"https:\/\/www.dralexisgranite.com\/de\/asthetische-behandlungen\/strahlungsaufladung\/\">Aufladen der Ausstrahlung<\/a><br \/>\n<a href=\"https:\/\/www.dralexisgranite.com\/de\/asthetische-behandlungen\/prp-with-aquagold\/\">Perfekte Haut<\/a><br \/>\n<a href=\"https:\/\/www.dralexisgranite.com\/de\/asthetische-behandlungen\/ton-spannen\/\">T\u00f6nen &amp; Straffen<\/a><\/p>\n\t<\/div>\n<\/div>\n\n\n\n\n\t\t<\/div> \n\t<\/div>\n\t<\/div> \n\n\t<div  class=\"vc_col-sm-6 wpb_column column_container vc_column_container col child_column no-extra-padding inherit_tablet inherit_phone\"   data-padding-pos=\"all\" data-has-bg-color=\"false\" data-bg-color=\"\" data-bg-opacity=\"1\" data-animation=\"\" data-delay=\"0\" >\n\t\t<div class=\"vc_column-inner\" >\n\t\t<div class=\"wpb_wrapper\">\n\t\t\t\n<div class=\"wpb_text_column wpb_content_element\" >\n\t<div class=\"wpb_wrapper\">\n\t\t<h4><strong>INJECTABLES<\/strong><\/h4>\n<p><a href=\"https:\/\/www.dralexisgranite.com\/de\/asthetische-behandlungen\/amoben-polynukleotide\/\">Ameela Polynukleotide<\/a><br \/>\n<a href=\"https:\/\/www.dralexisgranite.com\/de\/asthetische-behandlungen\/amoben-exosomen\/\">Ameela Exosomen<\/a><br \/>\n<a href=\"https:\/\/www.dralexisgranite.com\/de\/asthetische-behandlungen\/hyaluronsaure-fullstoffe\/\">Hyalurons\u00e4ure-F\u00fcllstoffe<\/a><br \/>\n<a href=\"https:\/\/www.dralexisgranite.com\/de\/asthetische-behandlungen\/neurotoxin\/\">Neurotoxin<\/a><br \/>\n<a href=\"https:\/\/www.dralexisgranite.com\/de\/asthetische-behandlungen\/neueste\/\">Neuestes<\/a><br \/>\n<a href=\"https:\/\/www.dralexisgranite.com\/de\/asthetische-behandlungen\/plinest-polynukleotide\/\">Plinest Polynukleotide<\/a><br \/>\n<a href=\"https:\/\/www.dralexisgranite.com\/de\/asthetische-behandlungen\/profikorper\/\">Profhilo K\u00f6rper<\/a><br \/>\n<a href=\"https:\/\/www.dralexisgranite.com\/de\/asthetische-behandlungen\/profhilo-skinvive-beleben-haut-booster\/\">Profhilo \/ Skinvive \/ Revive Skin Booster<\/a><br \/>\n<a href=\"https:\/\/www.dralexisgranite.com\/de\/asthetische-behandlungen\/profilstruktur\/\">Profhilo Structura<\/a><br \/>\n<a href=\"https:\/\/www.dralexisgranite.com\/de\/asthetische-behandlungen\/radiesse\/\">Radiesse<\/a><br \/>\n<a href=\"https:\/\/www.dralexisgranite.com\/de\/asthetische-behandlungen\/sculptra\/\">Sculptra<\/a><\/p>\n\t<\/div>\n<\/div>\n\n\n\n\n\t\t<\/div> \n\t<\/div>\n\t<\/div> \n<\/div><\/div><div id=\"fws_69ed44a868a1e\" data-midnight=\"\" data-column-margin=\"default\" class=\"wpb_row vc_row-fluid vc_row inner_row split-offset-menu\"  style=\"\"><div class=\"row-bg-wrap\"> <div class=\"row-bg\" ><\/div> <\/div><div class=\"row_col_wrap_12_inner col span_12  left\">\n\t<div  class=\"vc_col-sm-6 offset-padding wpb_column column_container vc_column_container col child_column no-extra-padding inherit_tablet inherit_phone\"   data-padding-pos=\"all\" data-has-bg-color=\"false\" data-bg-color=\"\" data-bg-opacity=\"1\" data-animation=\"\" data-delay=\"0\" >\n\t\t<div class=\"vc_column-inner\" >\n\t\t<div class=\"wpb_wrapper\">\n\t\t\t\n<div class=\"wpb_text_column wpb_content_element\" >\n\t<div class=\"wpb_wrapper\">\n\t\t<h4 style=\"font-weight: 500 !important;\">Laser- und energiebasierte Behandlungen<\/h4>\n<p><a href=\"https:\/\/www.dralexisgranite.com\/de\/asthetische-behandlungen\/breitbandiges-licht\/\">Breitbandiges Licht<\/a><br \/>\n<a href=\"https:\/\/www.dralexisgranite.com\/de\/asthetische-behandlungen\/fraktionierter-co2-laser\/\">Fraktionierter CO2-Laser<\/a><br \/>\n<a href=\"https:\/\/www.dralexisgranite.com\/de\/asthetische-behandlungen\/intensiv-gepulstes-licht\/\">Intensives gepulstes Licht<\/a><br \/>\n<a href=\"https:\/\/www.dralexisgranite.com\/de\/asthetische-behandlungen\/ipixel\/\">iPixel<\/a><br \/>\n<a href=\"https:\/\/www.dralexisgranite.com\/de\/asthetische-behandlungen\/morpheus8\/\">Morpheus8<\/a><br \/>\n<a href=\"https:\/\/www.dralexisgranite.com\/de\/asthetische-behandlungen\/moxi\/\">MOXI\u2122.<\/a><br \/>\n<a href=\"https:\/\/www.dralexisgranite.com\/de\/asthetische-behandlungen\/tixel\/\">Tixel<\/a><br \/>\n<a href=\"https:\/\/www.dralexisgranite.com\/de\/asthetische-behandlungen\/ultherapy\/\">Ultherapy\u00ae<\/a><\/p>\n\t<\/div>\n<\/div>\n\n\n\n\n\t\t<\/div> \n\t<\/div>\n\t<\/div> \n\n\t<div  class=\"vc_col-sm-6 wpb_column column_container vc_column_container col child_column no-extra-padding inherit_tablet inherit_phone\"   data-padding-pos=\"all\" data-has-bg-color=\"false\" data-bg-color=\"\" data-bg-opacity=\"1\" data-animation=\"\" data-delay=\"0\" >\n\t\t<div class=\"vc_column-inner\" >\n\t\t<div class=\"wpb_wrapper\">\n\t\t\t\n<div class=\"wpb_text_column wpb_content_element\" >\n\t<div class=\"wpb_wrapper\">\n\t\t<h4 style=\"font-weight: 500 !important;\">HAUTBEHANDLUNGEN<\/h4>\n<p><a href=\"https:\/\/www.dralexisgranite.com\/de\/asthetische-behandlungen\/aquagold-fine-touch\/\">Aquagold\u00ae Feiner Griff<\/a><br \/>\n<a href=\"https:\/\/www.dralexisgranite.com\/de\/asthetische-behandlungen\/chemische-peelings\/\">Chemische Peelings<\/a><br \/>\n<a href=\"https:\/\/www.dralexisgranite.com\/de\/asthetische-behandlungen\/dermamelan-fur-fortgeschrittene-depigmentierung\/\">Dermamelan f\u00fcr fortgeschrittene Depigmentierung<\/a><br \/>\n<a href=\"https:\/\/www.dralexisgranite.com\/de\/asthetische-behandlungen\/exoie-haut-revitalisierender-komplex\/\">EXO|E Hautrevitalisierungskomplex<\/a><br \/>\n<a href=\"https:\/\/www.dralexisgranite.com\/de\/asthetische-behandlungen\/lichtaugen-ultra\/\">Licht-Augen Ultra<\/a><br \/>\n<a href=\"https:\/\/www.dralexisgranite.com\/de\/asthetische-behandlungen\/microneedling\/\">Microneedling<\/a><br \/>\n<a href=\"\/de\/asthetische-behandlungen\/prp-plattchenreiches-plasma\/\">PRP: Pl\u00e4ttchenreiches Plasma<\/a><br \/>\n<a href=\"https:\/\/www.dralexisgranite.com\/de\/asthetische-behandlungen\/txa-fur-melasma\/\">TXA f\u00fcr Melasma<\/a><\/p>\n\t<\/div>\n<\/div>\n\n\n\n\n\t\t<\/div> \n\t<\/div>\n\t<\/div> \n<\/div><\/div>\n\t\t\t<\/div> \n\t\t<\/div>\n\t<\/div> \n<\/div><\/div>","protected":false},"excerpt":{"rendered":"W\u00e4hlen Sie Ihr Anliegen MEDICALAESTHETIC \u00c4sthetik AESTHETIC CONSULTATION Die \u00e4sthetische Reise beginnt immer mit einer gr\u00fcndlichen...","protected":false},"author":1,"featured_media":0,"parent":0,"menu_order":0,"comment_status":"closed","ping_status":"closed","template":"","meta":{"_acf_changed":false,"_relevanssi_hide_post":"","_relevanssi_pin_for_all":"","_relevanssi_pin_keywords":"","_relevanssi_unpin_keywords":"","_relevanssi_related_keywords":"","_relevanssi_related_include_ids":"","_relevanssi_related_exclude_ids":"","_relevanssi_related_no_append":"","_relevanssi_related_not_related":"","_relevanssi_related_posts":"","_relevanssi_noindex_reason":"","footnotes":"","_links_to":"","_links_to_target":""},"class_list":["post-2008010","page","type-page","status-publish"],"acf":[],"_links":{"self":[{"href":"https:\/\/www.dralexisgranite.com\/de\/wp-json\/wp\/v2\/pages\/2008010","targetHints":{"allow":["GET"]}}],"collection":[{"href":"https:\/\/www.dralexisgranite.com\/de\/wp-json\/wp\/v2\/pages"}],"about":[{"href":"https:\/\/www.dralexisgranite.com\/de\/wp-json\/wp\/v2\/types\/page"}],"author":[{"embeddable":true,"href":"https:\/\/www.dralexisgranite.com\/de\/wp-json\/wp\/v2\/users\/1"}],"replies":[{"embeddable":true,"href":"https:\/\/www.dralexisgranite.com\/de\/wp-json\/wp\/v2\/comments?post=2008010"}],"version-history":[{"count":0,"href":"https:\/\/www.dralexisgranite.com\/de\/wp-json\/wp\/v2\/pages\/2008010\/revisions"}],"wp:attachment":[{"href":"https:\/\/www.dralexisgranite.com\/de\/wp-json\/wp\/v2\/media?parent=2008010"}],"curies":[{"name":"wp","href":"https:\/\/api.w.org\/{rel}","templated":true}]}}