{"id":2008009,"date":"2024-12-18T12:27:36","date_gmt":"2024-12-18T12:27:36","guid":{"rendered":"https:\/\/www.dralexisgranite.com\/?page_id=2008009"},"modified":"2025-10-23T12:20:47","modified_gmt":"2025-10-23T11:20:47","slug":"medizinisch","status":"publish","type":"page","link":"https:\/\/www.dralexisgranite.com\/de\/medical\/","title":{"rendered":"Medizinische"},"content":{"rendered":"<div id=\"treatments\"  data-column-margin=\"none\" data-midnight=\"dark\"  class=\"wpb_row vc_row-fluid vc_row full-width-content vc_row-o-equal-height vc_row-flex vc_row-o-content-top cover-back\"  style=\"padding-top: 0px; padding-bottom: 0px; \"><div class=\"row-bg-wrap\" data-bg-animation=\"none\" data-bg-animation-delay=\"\" data-bg-overlay=\"false\"><div class=\"inner-wrap row-bg-layer using-image\" ><div class=\"row-bg viewport-desktop using-image using-bg-color has-phone\"  style=\"background-image: url(https:\/\/www.dralexisgranite.com\/wp-content\/uploads\/2023\/12\/DAG-Press-brg-1.svg); background-position: center top; background-repeat: no-repeat; background-color: #e0e7ff; \"><\/div><div class=\"row-bg viewport-phone using-image using-bg-color\"  style=\"background-image: url(https:\/\/www.dralexisgranite.com\/wp-content\/uploads\/2023\/12\/DAG-Press-brg-1-mobile.svg); background-position: center top; background-repeat: no-repeat; background-color: #e0e7ff; \"><\/div><\/div><\/div><div class=\"row_col_wrap_12 col span_12 dark left\">\n\t<div  class=\"vc_col-sm-12 wpb_column column_container vc_column_container col no-extra-padding inherit_tablet inherit_phone\"  data-padding-pos=\"all\" data-has-bg-color=\"false\" data-bg-color=\"\" data-bg-opacity=\"1\" data-animation=\"\" data-delay=\"0\" >\n\t\t<div class=\"vc_column-inner\" >\n\t\t\t<div class=\"wpb_wrapper\">\n\t\t\t\t<div id=\"fws_69ea53970ab4b\" data-midnight=\"\" data-column-margin=\"default\" class=\"wpb_row vc_row-fluid vc_row inner_row treatment-buttons\"  style=\"\"><div class=\"row-bg-wrap\"> <div class=\"row-bg\" ><\/div> <\/div><div class=\"row_col_wrap_12_inner col span_12  left\">\n\t<div  class=\"vc_col-sm-12 wpb_column column_container vc_column_container col child_column no-extra-padding inherit_tablet inherit_phone\"   data-padding-pos=\"all\" data-has-bg-color=\"false\" data-bg-color=\"\" data-bg-opacity=\"1\" data-animation=\"\" data-delay=\"0\" >\n\t\t<div class=\"vc_column-inner\" >\n\t\t<div class=\"wpb_wrapper\">\n\t\t\t\n<div class=\"wpb_text_column wpb_content_element\" >\n\t<div class=\"wpb_wrapper\">\n\t\t<div class=\"treatment-switch\">\n<p>W\u00e4hlen Sie Ihr Anliegen<\/p>\n<p><a class=\"round-button active-btn\" href=\"https:\/\/www.dralexisgranite.com\/de\/medizinisch\/\">MEDIZINISCH<\/a><a class=\"round-button\" href=\"https:\/\/www.dralexisgranite.com\/de\/asthetik\/\">\u00c4STHETIK<\/a><\/p>\n<\/div>\n\t<\/div>\n<\/div>\n\n\n\n\n\t\t<\/div> \n\t<\/div>\n\t<\/div> \n<\/div><\/div><div id=\"fws_69ea53970ad82\" data-midnight=\"\" data-column-margin=\"default\" class=\"wpb_row vc_row-fluid vc_row inner_row\"  style=\"\"><div class=\"row-bg-wrap\"> <div class=\"row-bg\" ><\/div> <\/div><div class=\"row_col_wrap_12_inner col span_12  left\">\n\t<div  class=\"vc_col-sm-6 offset-padding wpb_column column_container vc_column_container col child_column no-extra-padding inherit_tablet inherit_phone\"   data-padding-pos=\"all\" data-has-bg-color=\"false\" data-bg-color=\"\" data-bg-opacity=\"1\" data-animation=\"\" data-delay=\"0\" >\n\t\t<div class=\"vc_column-inner\" >\n\t\t<div class=\"wpb_wrapper\">\n\t\t\t\n<div class=\"wpb_text_column wpb_content_element\" >\n\t<div class=\"wpb_wrapper\">\n\t\t<h2>Medizinische<\/h2>\n\t<\/div>\n<\/div>\n\n\n\n\n<div class=\"wpb_text_column wpb_content_element\" >\n\t<div class=\"wpb_wrapper\">\n\t\t<h4 style=\"font-weight: 500 !important;\">MEDIZINISCHE BERATUNG<\/h4>\n<p>Ein ausf\u00fchrliches Beratungsgespr\u00e4ch vor Beginn der Behandlung ist ein wichtiger erster Schritt f\u00fcr alle Patienten der medizinischen Dermatologie. Dies erm\u00f6glicht es Dr. Alexis, Ihre Anliegen zu verstehen und Ihren Teint zu beurteilen. Sie wird dann einen ma\u00dfgeschneiderten Behandlungsplan entwickeln, der Ihnen hilft, Ihre Hautziele zu erreichen. In Folgekonsultationen k\u00f6nnen Sie Ihre Fortschritte \u00fcberpr\u00fcfen und Ihr Behandlungsschema weiter optimieren.<\/p>\n<p>Medizinische Erstberatung: \u00a3300<br \/>\nNachfolgende medizinische Beratung: \u00a3250<\/p>\n<p>Erste medizinische Fernberatung: \u00a3300<br \/>\nMedizinische Fernberatung im Anschluss: \u00a3250<\/p>\n\t<\/div>\n<\/div>\n\n\n\n\n<div class=\"wpb_text_column wpb_content_element  vc_custom_1701708008054 button\" >\n\t<div class=\"wpb_wrapper\">\n\t\t<p><a class=\"round-button\" href=\"#book\">JETZT BUCHEN<\/a><\/p>\n\t<\/div>\n<\/div>\n\n\n\n<div class=\"divider-wrap height_tablet_40px height_phone_30px\" data-alignment=\"default\"><div style=\"height: 60px;\" class=\"divider\"><\/div><\/div>\n<div class=\"wpb_text_column wpb_content_element\" >\n\t<div class=\"wpb_wrapper\">\n\t\t<h4 style=\"font-weight: 500 !important;\">Medizinische Behandlungen<\/h4>\n\t<\/div>\n<\/div>\n\n\n\n\n<div class=\"wpb_text_column wpb_content_element\" >\n\t<div class=\"wpb_wrapper\">\n\t\t<p><strong><a href=\"https:\/\/www.dralexisgranite.com\/de\/medizinische-behandlungen\/kryotherapie\/\">K\u00e4ltetherapie<\/a><\/strong> - Die Kryotherapie kann zur Behandlung gutartiger L\u00e4sionen eingesetzt werden, aber auch zur Entfernung sonnengesch\u00e4digter Hautpartien. Erfahren Sie mehr \u00fcber Kryotherapie, Erholungszeit und Preise <a href=\"https:\/\/www.dralexisgranite.com\/de\/medizinische-behandlungen\/kryotherapie\/\">hier<\/a>.<\/p>\n<p><a href=\"https:\/\/www.dralexisgranite.com\/de\/medizinische-behandlungen\/maulwurfkartierung\/\"><strong>Maulwurf Kartierung<\/strong><\/a> - Das Mapping von Muttermalen kann dazu beitragen, Ver\u00e4nderungen in Gr\u00f6\u00dfe, Form und Farbe von Muttermalen im Laufe der Zeit zu erkennen, was f\u00fcr die Erkennung verschiedener Hautkrebsarten unerl\u00e4sslich ist. Sehen Sie mehr \u00fcber Mole Mapping <a href=\"https:\/\/www.dralexisgranite.com\/de\/medizinische-behandlungen\/maulwurfkartierung\/\">hier.<\/a><\/p>\n<p><strong><a href=\"https:\/\/www.dralexisgranite.com\/de\/medizinische-behandlungen\/blutuntersuchung\/\">Blutuntersuchung<\/a><\/strong> - H\u00e4ufig k\u00f6nnen innere Ungleichgewichte mit einer Reihe von Hautkrankheiten in Verbindung gebracht werden, so dass im Rahmen Ihrer Beratung eine Blutuntersuchung empfohlen werden kann. Mehr erfahren <a href=\"https:\/\/www.dralexisgranite.com\/de\/medizinische-behandlungen\/blutuntersuchung\/\">hier<\/a>.<\/p>\n<p><strong><a href=\"https:\/\/www.dralexisgranite.com\/de\/medizinische-behandlungen\/patch-allergietest\/\">Pflaster-Allergietest<\/a> <\/strong>- Der Patch-Test ist ein Verfahren, mit dem untersucht wird, ob die Dermatitis durch eine Allergie gegen Stoffe, die mit Ihrer Haut in Ber\u00fchrung gekommen sind, verursacht oder verschlimmert wird. Verstehen Sie das Verfahren <a href=\"https:\/\/www.dralexisgranite.com\/de\/medizinische-behandlungen\/patch-allergietest\/\">hier<\/a>.<\/p>\n<p><a href=\"https:\/\/www.dralexisgranite.com\/de\/medizinische-behandlungen\/hautbiopsie-exzision\/\"><strong>Biopsie und Exzision der Haut<\/strong><\/a> - Eine Hautbiopsie ist ein Verfahren zur Entnahme von Zellen oder Hautproben zur Untersuchung in einem Labor. Es gibt 5 Arten, die unterschiedlich tief sind. Mehr sehen <a href=\"https:\/\/www.dralexisgranite.com\/de\/medizinische-behandlungen\/hautbiopsie-exzision\/\">hier<\/a>.<\/p>\n<p><a href=\"https:\/\/www.dralexisgranite.com\/de\/medizinische-behandlungen\/konventionelle-photodynamische-therapie\/\"><strong>Konventionelle photodynamische Therapie<\/strong><\/a> - Die photodynamische Therapie (PDT) ist eine nicht-invasive Behandlung von Hautl\u00e4sionen. Erfahren Sie mehr \u00fcber PDT, Erholungszeit und Preise <a href=\"https:\/\/www.dralexisgranite.com\/de\/medizinische-behandlungen\/konventionelle-photodynamische-therapie\/\">hier<\/a>.<\/p>\n<p><strong><a href=\"https:\/\/www.dralexisgranite.com\/de\/medizinische-behandlungen\/photodynamische-therapie-bei-tageslicht\/\">Photodynamische Therapie bei Tageslicht<\/a><\/strong> - Die photodynamische Tageslichttherapie (PDT) ist eine nicht-invasive Behandlung von pr\u00e4kanzer\u00f6sen Hautl\u00e4sionen. Mehr \u00fcber diese Form der PDT <a href=\"https:\/\/www.dralexisgranite.com\/de\/medizinische-behandlungen\/photodynamische-therapie-bei-tageslicht\/\">hier<\/a>.<\/p>\n<p><a href=\"https:\/\/www.dralexisgranite.com\/de\/medizinische-behandlungen\/vitamin-injections\/\"><strong>Vitamin-Injektionen<\/strong><\/a> - Vitamin B12 ist ein N\u00e4hrstoff, der dazu beitr\u00e4gt, die Blut- und Nervenzellen des K\u00f6rpers gesund zu erhalten. Erfahren Sie mehr \u00fcber die Vorteile einer intramuskul\u00e4ren B12-Injektion <a href=\"https:\/\/www.dralexisgranite.com\/de\/medizinische-behandlungen\/intramuskulare-vitamin-b12-injektion\/\">hier<\/a>.<\/p>\n\t<\/div>\n<\/div>\n\n\n\n\n\t\t<\/div> \n\t<\/div>\n\t<\/div> \n\n\t<div  class=\"vc_col-sm-6 treatment-height-image wpb_column column_container vc_column_container col child_column no-extra-padding inherit_tablet inherit_phone\"   data-padding-pos=\"all\" data-has-bg-color=\"false\" data-bg-color=\"\" data-bg-opacity=\"1\" data-animation=\"\" data-delay=\"0\" >\n\t\t<div class=\"vc_column-inner\" >\n\t\t<div class=\"wpb_wrapper\">\n\t\t\t<div class=\"img-with-aniamtion-wrap\" data-max-width=\"100%\" data-max-width-mobile=\"default\" data-shadow=\"none\" data-animation=\"fade-in\" >\n      <div class=\"inner\">\n        <div class=\"hover-wrap\"> \n          <div class=\"hover-wrap-inner\">\n            <img loading=\"lazy\" decoding=\"async\" class=\"img-with-animation skip-lazy\" data-delay=\"0\" height=\"1920\" width=\"1551\" data-animation=\"fade-in\" src=\"https:\/\/www.dralexisgranite.com\/wp-content\/uploads\/2023\/10\/Dr.-Alexis-Granite_Pink_instrument-box.jpg\" alt=\"Kiste mit Sachen\" srcset=\"https:\/\/www.dralexisgranite.com\/wp-content\/uploads\/2023\/10\/Dr.-Alexis-Granite_Pink_instrument-box.jpg 1551w, https:\/\/www.dralexisgranite.com\/wp-content\/uploads\/2023\/10\/Dr.-Alexis-Granite_Pink_instrument-box-242x300.jpg 242w, https:\/\/www.dralexisgranite.com\/wp-content\/uploads\/2023\/10\/Dr.-Alexis-Granite_Pink_instrument-box-827x1024.jpg 827w, https:\/\/www.dralexisgranite.com\/wp-content\/uploads\/2023\/10\/Dr.-Alexis-Granite_Pink_instrument-box-768x951.jpg 768w, https:\/\/www.dralexisgranite.com\/wp-content\/uploads\/2023\/10\/Dr.-Alexis-Granite_Pink_instrument-box-1241x1536.jpg 1241w\" sizes=\"auto, (max-width: 1551px) 100vw, 1551px\" \/>\n          <\/div>\n        <\/div>\n      <\/div>\n    <\/div>\n\t\t<\/div> \n\t<\/div>\n\t<\/div> \n<\/div><\/div>\n\t\t\t<\/div> \n\t\t<\/div>\n\t<\/div> \n<\/div><\/div>","protected":false},"excerpt":{"rendered":"W\u00e4hlen Sie Ihr Anliegen MEDICALAESTHETIC Medical MEDICAL CONSULTATION Eine ausf\u00fchrliche Beratung vor Beginn der Behandlung ist...","protected":false},"author":1,"featured_media":0,"parent":0,"menu_order":0,"comment_status":"closed","ping_status":"closed","template":"","meta":{"_acf_changed":false,"_relevanssi_hide_post":"","_relevanssi_pin_for_all":"","_relevanssi_pin_keywords":"","_relevanssi_unpin_keywords":"","_relevanssi_related_keywords":"","_relevanssi_related_include_ids":"","_relevanssi_related_exclude_ids":"","_relevanssi_related_no_append":"","_relevanssi_related_not_related":"","_relevanssi_related_posts":"","_relevanssi_noindex_reason":"","footnotes":"","_links_to":"","_links_to_target":""},"class_list":["post-2008009","page","type-page","status-publish"],"acf":[],"_links":{"self":[{"href":"https:\/\/www.dralexisgranite.com\/de\/wp-json\/wp\/v2\/pages\/2008009","targetHints":{"allow":["GET"]}}],"collection":[{"href":"https:\/\/www.dralexisgranite.com\/de\/wp-json\/wp\/v2\/pages"}],"about":[{"href":"https:\/\/www.dralexisgranite.com\/de\/wp-json\/wp\/v2\/types\/page"}],"author":[{"embeddable":true,"href":"https:\/\/www.dralexisgranite.com\/de\/wp-json\/wp\/v2\/users\/1"}],"replies":[{"embeddable":true,"href":"https:\/\/www.dralexisgranite.com\/de\/wp-json\/wp\/v2\/comments?post=2008009"}],"version-history":[{"count":0,"href":"https:\/\/www.dralexisgranite.com\/de\/wp-json\/wp\/v2\/pages\/2008009\/revisions"}],"wp:attachment":[{"href":"https:\/\/www.dralexisgranite.com\/de\/wp-json\/wp\/v2\/media?parent=2008009"}],"curies":[{"name":"wp","href":"https:\/\/api.w.org\/{rel}","templated":true}]}}