{"id":1001416,"date":"2022-02-02T11:43:22","date_gmt":"2022-02-02T11:43:22","guid":{"rendered":"https:\/\/www.dralexisgranite.com\/?page_id=1001416"},"modified":"2025-06-04T16:50:24","modified_gmt":"2025-06-04T15:50:24","slug":"bedingungen","status":"publish","type":"page","link":"https:\/\/www.dralexisgranite.com\/de\/conditions\/","title":{"rendered":"Bedingungen"},"content":{"rendered":"<div id=\"book\"  data-column-margin=\"none\" data-midnight=\"dark\"  class=\"wpb_row vc_row-fluid vc_row full-width-content vc_row-o-equal-height vc_row-flex vc_row-o-content-top pre-footer-form conditions cover-back centering\"  style=\"padding-top: 0px; padding-bottom: 0px; \"><div class=\"row-bg-wrap\" data-bg-animation=\"none\" data-bg-animation-delay=\"\" data-bg-overlay=\"false\"><div class=\"inner-wrap row-bg-layer using-image\" ><div class=\"row-bg viewport-desktop using-image using-bg-color\"  style=\"background-image: url(https:\/\/www.dralexisgranite.com\/wp-content\/uploads\/2023\/11\/Dr.-Alexis-Granite_backgrounds_medical-full_background.svg); background-position: left bottom; background-repeat: no-repeat; background-color: #fffbc6; \"><\/div><\/div><\/div><div class=\"row_col_wrap_12 col span_12 dark left\">\n\t<div  class=\"vc_col-sm-12 wpb_column column_container vc_column_container col no-extra-padding inherit_tablet inherit_phone\"  data-padding-pos=\"all\" data-has-bg-color=\"false\" data-bg-color=\"\" data-bg-opacity=\"1\" data-animation=\"\" data-delay=\"0\" >\n\t\t<div class=\"vc_column-inner\" >\n\t\t\t<div class=\"wpb_wrapper\">\n\t\t\t\t<div id=\"fws_69ed80341beff\" data-midnight=\"\" data-column-margin=\"default\" class=\"wpb_row vc_row-fluid vc_row inner_row  vc_custom_1701705315627\"  style=\"\"><div class=\"row-bg-wrap\"> <div class=\"row-bg\" ><\/div> <\/div><div class=\"row_col_wrap_12_inner col span_12  left\">\n\t<div  class=\"vc_col-sm-6 offset-padding wpb_column column_container vc_column_container col child_column\"   data-padding-pos=\"all\" data-has-bg-color=\"false\" data-bg-color=\"\" data-bg-opacity=\"1\" data-animation=\"\" data-delay=\"0\" >\n\t\t<div class=\"vc_column-inner\" >\n\t\t<div class=\"wpb_wrapper\">\n\t\t\t\n<div class=\"wpb_text_column wpb_content_element\" >\n\t<div class=\"wpb_wrapper\">\n\t\t<h1 class=\"h2\">Bedingungen<\/h1>\n\t<\/div>\n<\/div>\n\n\n\n\n<div class=\"wpb_text_column wpb_content_element\" >\n\t<div class=\"wpb_wrapper\">\n\t\t<p><a href=\"https:\/\/www.dralexisgranite.com\/de\/bedingungen\/akne\/\">Akne<\/a><br \/>\n<a href=\"https:\/\/www.dralexisgranite.com\/de\/bedingungen\/dermatitis\/\">Dermatitis<\/a><br \/>\n<a href=\"https:\/\/www.dralexisgranite.com\/de\/bedingungen\/haarausfall\/\">Haarausfall<\/a><br \/>\n<a href=\"https:\/\/www.dralexisgranite.com\/de\/bedingungen\/nesselsucht-urtikaria\/\">Nesselsucht (Urtikaria)<\/a><br \/>\n<a href=\"https:\/\/www.dralexisgranite.com\/de\/bedingungen\/hyperhidrosis\/\">Hyperhidrosis<\/a><br \/>\n<a href=\"https:\/\/www.dralexisgranite.com\/de\/bedingungen\/hyperpigmentierung\/\">Hyperpigmentierung<\/a><br \/>\n<a href=\"https:\/\/www.dralexisgranite.com\/de\/bedingungen\/maulwurfe\/\">Maulw\u00fcrfe<\/a><br \/>\n<a href=\"https:\/\/www.dralexisgranite.com\/de\/bedingungen\/psoriasis\/\">Psoriasis<\/a><br \/>\n<a href=\"https:\/\/www.dralexisgranite.com\/de\/bedingungen\/rosazea\/\">Rosazea<\/a><br \/>\n<a href=\"https:\/\/www.dralexisgranite.com\/de\/bedingungen\/hautkrebs\/\">Hautkrebs<\/a><br \/>\n<a href=\"https:\/\/www.dralexisgranite.com\/de\/bedingungen\/skin-infection\/\">Hautinfektionen<\/a><br \/>\n<a href=\"https:\/\/www.dralexisgranite.com\/de\/bedingungen\/klumpen-und-beulen\/\">Klumpen und Beulen<\/a><br \/>\n<a href=\"https:\/\/www.dralexisgranite.com\/de\/bedingungen\/vitiligo\/\">Vitiligo<\/a><\/p>\n<p>Wenn Sie an einem Termin interessiert sind, um einen Behandlungsweg f\u00fcr die oben genannten Erkrankungen zu besprechen, k\u00f6nnen Sie sich \u00fcber mein Kontaktformular mit mir in Verbindung setzen, das <a href=\"https:\/\/www.dralexisgranite.com\/de\/kontakt\/\">finden Sie hier<\/a>.<\/p>\n\t<\/div>\n<\/div>\n\n\n\n\n\t\t<\/div> \n\t<\/div>\n\t<\/div> \n\n\t<div  class=\"vc_col-sm-6 treatment-height-image wpb_column column_container vc_column_container col child_column no-extra-padding inherit_tablet inherit_phone\"   data-padding-pos=\"all\" data-has-bg-color=\"false\" data-bg-color=\"\" data-bg-opacity=\"1\" data-animation=\"\" data-delay=\"0\" >\n\t\t<div class=\"vc_column-inner\" >\n\t\t<div class=\"wpb_wrapper\">\n\t\t\t<div class=\"img-with-aniamtion-wrap\" data-max-width=\"100%\" data-max-width-mobile=\"default\" data-shadow=\"none\" data-animation=\"fade-in\" >\n      <div class=\"inner\">\n        <div class=\"hover-wrap\"> \n          <div class=\"hover-wrap-inner\">\n            <img loading=\"lazy\" decoding=\"async\" class=\"img-with-animation skip-lazy\" data-delay=\"0\" height=\"800\" width=\"1092\" data-animation=\"fade-in\" src=\"https:\/\/www.dralexisgranite.com\/wp-content\/uploads\/2023\/06\/conditions-image5.jpg\" alt=\"Bedingungen\" srcset=\"https:\/\/www.dralexisgranite.com\/wp-content\/uploads\/2023\/06\/conditions-image5.jpg 1092w, https:\/\/www.dralexisgranite.com\/wp-content\/uploads\/2023\/06\/conditions-image5-300x220.jpg 300w, https:\/\/www.dralexisgranite.com\/wp-content\/uploads\/2023\/06\/conditions-image5-1024x750.jpg 1024w, https:\/\/www.dralexisgranite.com\/wp-content\/uploads\/2023\/06\/conditions-image5-768x563.jpg 768w\" sizes=\"auto, (max-width: 1092px) 100vw, 1092px\" \/>\n          <\/div>\n        <\/div>\n      <\/div>\n    <\/div>\n\t\t<\/div> \n\t<\/div>\n\t<\/div> \n<\/div><\/div>\n\t\t\t<\/div> \n\t\t<\/div>\n\t<\/div> \n<\/div><\/div>","protected":false},"excerpt":{"rendered":"Zust\u00e4nde Akne Dermatitis Haarausfall Nesselsucht (Urtikaria) Hyperhidrose Hyperpigmentierung Muttermale Schuppenflechte Rosazea Hautkrebs Hautkrebs...","protected":false},"author":1,"featured_media":0,"parent":0,"menu_order":0,"comment_status":"closed","ping_status":"closed","template":"","meta":{"_acf_changed":false,"_relevanssi_hide_post":"","_relevanssi_pin_for_all":"","_relevanssi_pin_keywords":"","_relevanssi_unpin_keywords":"","_relevanssi_related_keywords":"","_relevanssi_related_include_ids":"","_relevanssi_related_exclude_ids":"","_relevanssi_related_no_append":"","_relevanssi_related_not_related":"","_relevanssi_related_posts":"","_relevanssi_noindex_reason":"","footnotes":"","_links_to":"","_links_to_target":""},"class_list":["post-1001416","page","type-page","status-publish"],"acf":[],"_links":{"self":[{"href":"https:\/\/www.dralexisgranite.com\/de\/wp-json\/wp\/v2\/pages\/1001416","targetHints":{"allow":["GET"]}}],"collection":[{"href":"https:\/\/www.dralexisgranite.com\/de\/wp-json\/wp\/v2\/pages"}],"about":[{"href":"https:\/\/www.dralexisgranite.com\/de\/wp-json\/wp\/v2\/types\/page"}],"author":[{"embeddable":true,"href":"https:\/\/www.dralexisgranite.com\/de\/wp-json\/wp\/v2\/users\/1"}],"replies":[{"embeddable":true,"href":"https:\/\/www.dralexisgranite.com\/de\/wp-json\/wp\/v2\/comments?post=1001416"}],"version-history":[{"count":0,"href":"https:\/\/www.dralexisgranite.com\/de\/wp-json\/wp\/v2\/pages\/1001416\/revisions"}],"wp:attachment":[{"href":"https:\/\/www.dralexisgranite.com\/de\/wp-json\/wp\/v2\/media?parent=1001416"}],"curies":[{"name":"wp","href":"https:\/\/api.w.org\/{rel}","templated":true}]}}